{"id":744,"date":"2024-10-13T19:06:07","date_gmt":"2024-10-13T23:06:07","guid":{"rendered":"https:\/\/hanykhater.me\/?page_id=744"},"modified":"2025-11-16T19:18:51","modified_gmt":"2025-11-17T00:18:51","slug":"summary-of-the-story","status":"publish","type":"page","link":"https:\/\/hanykhater.me\/fr\/summary-of-the-story\/","title":{"rendered":"R\u00e9sum\u00e9 de l'histoire de Hany Khater"},"content":{"rendered":"<div data-elementor-type=\"wp-page\" data-elementor-id=\"744\" class=\"elementor elementor-744\">\n\t\t\t\t\t\t<section class=\"elementor-section elementor-top-section elementor-element elementor-element-7cd42180 elementor-section-boxed elementor-section-height-default elementor-section-height-default\" data-id=\"7cd42180\" data-element_type=\"section\" data-e-type=\"section\">\n\t\t\t\t\t\t<div class=\"elementor-container elementor-column-gap-default\">\n\t\t\t\t\t<div class=\"elementor-column elementor-col-100 elementor-top-column elementor-element elementor-element-225d008d\" data-id=\"225d008d\" data-element_type=\"column\" data-e-type=\"column\">\n\t\t\t<div class=\"elementor-widget-wrap elementor-element-populated\">\n\t\t\t\t\t\t<div class=\"elementor-element elementor-element-7fb0ff1a elementor-widget elementor-widget-text-editor\" data-id=\"7fb0ff1a\" data-element_type=\"widget\" data-e-type=\"widget\" data-widget_type=\"text-editor.default\">\n\t\t\t\t<div class=\"elementor-widget-container\">\n\t\t\t\t\t\t\t\t\t<p dir=\"ltr\" style=\"text-align: center;\"><img fetchpriority=\"high\" decoding=\"async\" class=\"wp-image-828 size-medium alignleft\" src=\"https:\/\/hanykhater.me\/wp-content\/uploads\/2024\/10\/\u0633\u062c\u0646-300x300.webp\" alt=\"\" width=\"300\" height=\"300\" srcset=\"https:\/\/hanykhater.me\/wp-content\/uploads\/2024\/10\/\u0633\u062c\u0646-300x300.webp 300w, https:\/\/hanykhater.me\/wp-content\/uploads\/2024\/10\/\u0633\u062c\u0646-150x150.webp 150w, https:\/\/hanykhater.me\/wp-content\/uploads\/2024\/10\/\u0633\u062c\u0646-768x768.webp 768w, https:\/\/hanykhater.me\/wp-content\/uploads\/2024\/10\/\u0633\u062c\u0646-600x600.webp 600w, https:\/\/hanykhater.me\/wp-content\/uploads\/2024\/10\/\u0633\u062c\u0646-100x100.webp 100w, https:\/\/hanykhater.me\/wp-content\/uploads\/2024\/10\/\u0633\u062c\u0646.webp 1024w\" sizes=\"(max-width: 300px) 100vw, 300px\" \/><\/p><p dir=\"ltr\" style=\"text-align: left;\"><span style=\"color: #000000;\"><strong>La m\u00e9thode de \u00ab r\u00e9pression \u00bb adopt\u00e9e par les autorit\u00e9s marocaines a \u00e9t\u00e9 document\u00e9e par Human Rights Watch dans son rapport publi\u00e9 en juillet 2022 sous le titre \u00ab Ils vous atteindront quoi qu'il arrive .<\/strong><\/span><\/p><p dir=\"ltr\" style=\"text-align: left;\"><span style=\"color: #000000;\">Sous le titre \u00ab Ils vous abattront quoi qu'il en soit \u00bb, un rapport de Human Rights Watch publi\u00e9 en juillet 2022 d\u00e9crit les tactiques r\u00e9pressives employ\u00e9es par les autorit\u00e9s marocaines. Le rapport d\u00e9montre comment le r\u00e9gime marocain s'appuie sur une vari\u00e9t\u00e9 de tactiques pour intimider les voix dissidentes et les opposants.<\/span><\/p><p dir=\"ltr\" style=\"text-align: left;\"><span style=\"color: #000000;\">Ces m\u00e9thodes incluent des proc\u00e8s injustes et des peines s\u00e9v\u00e8res visant les journalistes, qu'ils soient au Maroc ou \u00e0 l'\u00e9tranger. Des campagnes de diffamation dans des m\u00e9dias contr\u00f4l\u00e9s par des agences de s\u00e9curit\u00e9 sont \u00e9galement utilis\u00e9es, en plus de la surveillance num\u00e9rique et de l'intimidation physique, visant les familles des opposants, des situations allant m\u00eame jusqu'\u00e0 fr\u00f4ler l'assassinat. Il est \u00e9vident que la d\u00e9t\u00e9rioration des conditions des droits humains au Maroc co\u00efncide avec la normalisation des relations entre Rabat et Isra\u00ebl, soutenue par les \u00c9tats-Unis dans le cadre des \u00ab Accords d'Abraham \u00bb.<\/span><\/p><p dir=\"ltr\" style=\"text-align: left;\"><span style=\"color: #000000;\">Il est clair que le r\u00e9gime marocain cherche \u00e0 exploiter le soutien isra\u00e9lien pour influencer les gouvernements occidentaux, en particulier les \u00c9tats-Unis, dans une tentative de dissimuler ses violations des droits de l'homme. Les m\u00e9dias pro-r\u00e9gime ont contribu\u00e9 \u00e0 cette id\u00e9e, affirmant que le chemin vers Washington passe par Tel Aviv.<\/span><\/p><p dir=\"ltr\" style=\"text-align: left;\"><span style=\"color: #000000;\">De plus, le r\u00e9gime exploite tous les moyens l\u00e9gaux et ill\u00e9gaux appliqu\u00e9s aux \u00c9tats plut\u00f4t qu'aux individus, notamment en ce qui concerne la question du Sahara occidental (la R\u00e9publique arabe sahraouie d\u00e9mocratique). Cela a \u00e9t\u00e9 utilis\u00e9 pour obtenir le soutien des autorit\u00e9s \u00e9gyptiennes, des tentatives de me d\u00e9porter en \u00c9gypte, ainsi que des tentatives d'assassinat r\u00e9p\u00e9t\u00e9es, en plus de n\u00e9gligences m\u00e9dicales que je d\u00e9taillerai plus tard.<\/span><\/p><p dir=\"ltr\" style=\"text-align: left;\"><span style=\"color: #000000;\">En ce qui concerne mon exp\u00e9rience personnelle, j'ai \u00e9t\u00e9 arr\u00eat\u00e9 par la police marocaine le 7 f\u00e9vrier 2016, o\u00f9 la police judiciaire m'a accus\u00e9 d'une s\u00e9rie d'infractions, notamment la falsification de documents, leur utilisation, l'usurpation d'identit\u00e9 et la r\u00e9sidence ill\u00e9gale au Maroc, ainsi que la falsification de sceaux locaux et internationaux. Bien que ces accusations aient \u00e9t\u00e9 fabriqu\u00e9es, le tribunal a d\u00e9cid\u00e9 de changer l'accusation en d\u00e9livrance d'un faux certificat (le certificat d\u00e9livr\u00e9 par l'Union internationale de la presse arabe \u00e0 M. Mustafa El-Khalfi, alors ministre de la Communication et porte-parole du gouvernement). J'ai \u00e9t\u00e9 condamn\u00e9 \u00e0 trois mois de prison, o\u00f9 j'ai \u00e9t\u00e9 priv\u00e9 du droit de demander un avocat pour la deuxi\u00e8me fois afin de faire appel. Le tribunal a confirm\u00e9 le jugement pr\u00e9c\u00e9dent, ce qui m'a conduit \u00e0 purger l'int\u00e9gralit\u00e9 de ma peine \u00e0 la prison d'Ain Sebaa \u00e0 Casablanca.<\/span><\/p><p dir=\"ltr\" style=\"text-align: left;\"><span style=\"color: #000000;\">Avant ma lib\u00e9ration, j'ai \u00e9t\u00e9 pr\u00e9sent\u00e9 le 26 avril au procureur de la R\u00e9publique au tribunal d'Ain Sebaa, o\u00f9 j'ai \u00e9t\u00e9 inform\u00e9 d'un mandat d'arr\u00eat international \u00e9mis \u00e0 mon encontre par le gouvernement \u00e9gyptien via Interpol. En cons\u00e9quence, j'ai \u00e9t\u00e9 plac\u00e9 \u00e0 la prison de Sal\u00e9 1, o\u00f9 j'ai \u00e9t\u00e9 pr\u00e9sent\u00e9 un jour plus tard, apr\u00e8s la fin de la peine pr\u00e9c\u00e9dente, le 15 mai, devant la Cour de cassation, qui a r\u00e9pondu \u00e0 la demande de mon extradition vers l'\u00c9gypte. Cependant, j'ai soumis plusieurs p\u00e9titions aux autorit\u00e9s marocaines comp\u00e9tentes pour demander de ne pas se conformer \u00e0 cette proc\u00e9dure.<\/span><\/p><p dir=\"ltr\" style=\"text-align: left;\"><span style=\"color: #000000;\">Je suis rest\u00e9 d\u00e9tenu dans cet \u00e9tablissement p\u00e9nitentiaire jusqu'\u00e0 ce que je sois transf\u00e9r\u00e9 de mani\u00e8re arbitraire \u00e0 la prison de Tiflet 2 le 6 septembre 2017, qui est une prison de haute s\u00e9curit\u00e9 destin\u00e9e aux longues peines, aux peines de mort et aux affaires de terrorisme. J'ai \u00e9t\u00e9 plac\u00e9 en isolement, priv\u00e9 de tous mes droits, soumis \u00e0 la malnutrition et re\u00e7u des m\u00e9dicaments p\u00e9rim\u00e9s pr\u00e9tendument destin\u00e9s \u00e0 traiter des probl\u00e8mes cardiaques.<\/span><\/p><p dir=\"ltr\" style=\"text-align: left;\"><span style=\"color: #000000;\">Pendant cette p\u00e9riode, j'ai endur\u00e9 toutes les formes de torture psychologique, des tentatives d'assassinat et un neglect m\u00e9dical qui ont entra\u00een\u00e9 mon handicap permanent. Apr\u00e8s ma lib\u00e9ration, j'ai subi une intervention chirurgicale pour retirer un disque et stabiliser ma colonne vert\u00e9brale avec des vis m\u00e9talliques. Je suis actuellement en train de r\u00e9aliser des tests en pr\u00e9paration d'une autre chirurgie similaire pour des disques cervicaux afin de retirer les disques touch\u00e9s et stabiliser les vert\u00e8bres avec du m\u00e9tal. Je souffre \u00e9galement d'une constriction art\u00e9rielle, n\u00e9cessitant la pose de stents dans l'art\u00e8re coronaire. De plus, je souffre d'une autre maladie grave appel\u00e9e scl\u00e9rose musculaire, qui, malheureusement, n'a pas encore de traitement, affectant les muscles et les nerfs dans le cerveau et la moelle \u00e9pini\u00e8re, entra\u00eenant progressivement une perte de mouvement et de la parole.<\/span><\/p><p dir=\"ltr\" style=\"text-align: left;\"><span style=\"color: #000000;\">J'ai \u00e9t\u00e9 lib\u00e9r\u00e9 le 20 mars 2020, mais les violations et le harc\u00e8lement ont continu\u00e9 m\u00eame apr\u00e8s ma lib\u00e9ration, sur la base d'une d\u00e9cision du Comit\u00e9 des Nations Unies contre la torture. Mes documents et mon argent ont \u00e9t\u00e9 vol\u00e9s de chez moi, et malgr\u00e9 que j'aie signal\u00e9 cela \u00e0 la police, aucune action n'a \u00e9t\u00e9 entreprise, m\u00eame apr\u00e8s avoir fourni des photos du voleur et des informations sur l'heure et le lieu de la rencontre pr\u00e9vue pour n\u00e9gocier au sujet de mes documents. Personne n'\u00e9coute.<\/span><\/p><p dir=\"ltr\" style=\"text-align: left;\"><span style=\"color: #000000;\">Vous pouvez rechercher mon nom (journaliste \u00e9gyptien Hany Khater) en arabe sur Google pour voir de nombreux articles confirmant cela, ainsi que d'autres d\u00e9tails concernant la d\u00e9cision du Comit\u00e9 contre la torture.<\/span><\/p><p dir=\"ltr\" style=\"text-align: left;\">A<span style=\"color: #000000;\">ttached is an audio recording from inside Tiflet 2 Prison, demonstrating the violation of all my rights, medical neglect, and malnutrition:<\/span><br \/><span style=\"color: #000000;\">YouTube le 6 septembre 2019 (pendant ma d\u00e9tention) :<\/span> <a href=\"https:\/\/www.youtube.com\/watch?v=8rS5E_nVQyQ&amp;amp;t=42s\" target=\"_new\" rel=\"noopener\">Lien vid\u00e9o<\/a><br \/><span style=\"color: #000000;\">Decision of the UN Committee Against Torture (in multiple languages)<\/span>: <a href=\"https:\/\/hanykhater.me\/fr\/\">sur la page d'accueil<\/a><\/p><p dir=\"ltr\" style=\"text-align: left;\"><span style=\"color: #000000;\">Je cherche \u00e0 entreprendre toutes les actions l\u00e9gales pour d\u00e9poser une plainte officielle contre le Maroc, en demandant ce qui suit :<\/span><\/p><ul dir=\"ltr\" style=\"text-align: left;\"><li><span style=\"color: #000000;\">Une indemnisation pour violation des articles 3 et 16 de la Charte des droits de l'homme du Comit\u00e9 des Nations Unies contre la torture.<\/span><\/li><li><span style=\"color: #000000;\">Indemnisation pour 49 mois de d\u00e9tention arbitraire (sans justification).<\/span><\/li><li><span style=\"color: #000000;\">Indemnisation pour mauvais traitements.<\/span><\/li><li><span style=\"color: #000000;\">Indemnisation pour n\u00e9gligence m\u00e9dicale ayant entra\u00een\u00e9 mon handicap permanent (ayant subi une intervention chirurgicale s\u00e9rieuse pour retirer des disques et stabiliser ma colonne vert\u00e9brale avec des vis en m\u00e9tal) et en attente d'un autre rendez-vous pour une intervention similaire sur les disques cervicaux.<\/span><\/li><li><span style=\"color: #000000;\">Indemnisation pour la constriction art\u00e9rielle et la pose de stents.<\/span><\/li><li><span style=\"color: #000000;\">Compensation for vision impairment resulting from prolonged detention and solitary confinement.<\/span><\/li><\/ul><ul dir=\"ltr\" style=\"text-align: left;\"><li style=\"text-align: left;\"><span style=\"color: #000000;\">YouTube, dat\u00e9 du 06\/09\/2019 (pendant la d\u00e9tention).<\/span><\/li><\/ul><p dir=\"ltr\" style=\"text-align: center;\"><strong><span style=\"color: #000080;\">La premi\u00e8re vid\u00e9o a \u00e9t\u00e9 publi\u00e9e sur la cha\u00eene du journal (<a class=\"yt-simple-endpoint style-scope yt-formatted-string\" dir=\"auto\" spellcheck=\"false\" href=\"https:\/\/www.youtube.com\/@rihanapresse\">rihana press<\/a>) en arabe.<\/span><\/strong><br \/><strong><span style=\"color: #000080;\">La deuxi\u00e8me vid\u00e9o est traduite en anglais et en fran\u00e7ais.<\/span><\/strong><\/p><p dir=\"ltr\" style=\"text-align: center;\">\u00a0<\/p>\t\t\t\t\t\t\t\t<\/div>\n\t\t\t\t<\/div>\n\t\t\t\t\t<\/div>\n\t\t<\/div>\n\t\t\t\t\t<\/div>\n\t\t<\/section>\n\t\t\t\t<section class=\"elementor-section elementor-top-section elementor-element elementor-element-1838de6 elementor-section-boxed elementor-section-height-default elementor-section-height-default\" data-id=\"1838de6\" data-element_type=\"section\" data-e-type=\"section\">\n\t\t\t\t\t\t<div class=\"elementor-container elementor-column-gap-default\">\n\t\t\t\t\t<div class=\"elementor-column elementor-col-100 elementor-top-column elementor-element elementor-element-a02f664\" data-id=\"a02f664\" data-element_type=\"column\" data-e-type=\"column\">\n\t\t\t<div class=\"elementor-widget-wrap elementor-element-populated\">\n\t\t\t\t\t\t<div class=\"elementor-element elementor-element-1e9844e elementor-widget elementor-widget-html\" data-id=\"1e9844e\" data-element_type=\"widget\" data-e-type=\"widget\" data-widget_type=\"html.default\">\n\t\t\t\t<div class=\"elementor-widget-container\">\n\t\t\t\t\t<!DOCTYPE html>\r\n<html lang=\"ar\" dir=\"rtl\">\r\n<head>\r\n  <meta charset=\"UTF-8\">\r\n  <meta name=\"viewport\" content=\"width=device-width, initial-scale=1.0\">\r\n  <title>\u0645\u0634\u063a\u0644 \u0641\u064a\u062f\u064a\u0648\u0647\u0627\u062a \u064a\u0648\u062a\u064a\u0648\u0628 \u0645\u062a\u0642\u062f\u0645<\/title>\r\n\r\n  <style>\r\n    .youtube-video-player {\r\n      display: flex;\r\n      flex-wrap: nowrap;\r\n      gap: 20px;\r\n      background-color: #f5f5f5;\r\n      padding: 15px;\r\n      border-radius: 8px;\r\n      align-items: flex-start;\r\n    }\r\n\r\n    .video-sidebar {\r\n      flex: 0 0 260px;\r\n      border-right: 2px solid #001B54;\r\n      padding-right: 10px;\r\n    }\r\n\r\n    .video-sidebar h4 {\r\n      margin-bottom: 15px;\r\n      font-weight: 700;\r\n      color: #001B54;\r\n      text-align: center;\r\n    }\r\n\r\n    .video-sidebar ul {\r\n      list-style: none;\r\n      padding: 0;\r\n      margin: 0;\r\n      display: flex;\r\n      flex-direction: column;\r\n      gap: 10px;\r\n    }\r\n\r\n    .video-sidebar li {\r\n      position: relative;\r\n      background-color: #f0f0f0; \/* \u0627\u0644\u0644\u0648\u0646 \u0627\u0644\u0639\u0627\u062f\u064a: \u0623\u0628\u064a\u0636 \u063a\u0627\u0645\u0642 *\/\r\n      padding: 12px;\r\n      cursor: pointer;\r\n      border-radius: 10px;\r\n      color: #001B54; \/* \u0646\u0635 \u0623\u0632\u0631\u0642 \u062f\u0627\u0643\u0646 *\/\r\n      border: 1px solid #ddd;\r\n      overflow: hidden;\r\n      transition: all 0.3s ease;\r\n      text-align: center;\r\n    }\r\n\r\n    .video-sidebar li span {\r\n      position: relative;\r\n      z-index: 1;\r\n      transition: color 0.3s ease, transform 0.3s ease;\r\n    }\r\n\r\n    \/* \u0627\u0644\u0639\u0646\u0635\u0631 \u0627\u0644\u0645\u062d\u062f\u062f (Active) *\/\r\n    .video-sidebar li.active {\r\n      background-color: #001B54; \/* \u0623\u0632\u0631\u0642 \u062f\u0627\u0643\u0646 *\/\r\n      color: #fff; \/* \u0646\u0635 \u0623\u0628\u064a\u0636 *\/\r\n      border-color: #001B54;\r\n      transform: scale(1.02);\r\n    }\r\n\r\n    \/* \u0639\u0646\u0635\u0631 \u0642\u0628\u0644 \u0644\u062a\u0623\u062b\u064a\u0631 \u0627\u0644\u0647\u0648\u0641\u0631 \u0645\u0646 \u0627\u0644\u0648\u0633\u0637 *\/\r\n    .video-sidebar li::before {\r\n      content: '';\r\n      position: absolute;\r\n      top: 50%;\r\n      left: 0;\r\n      width: 100%;\r\n      height: 0;\r\n      background-color: #F45C00; \/* \u0627\u0644\u0647\u0648\u0641\u0631 \u0628\u0631\u062a\u0642\u0627\u0644\u064a \u062f\u0627\u0643\u0646 *\/\r\n      transform: translateY(-50%);\r\n      transition: height 0.3s ease;\r\n      z-index: 0;\r\n    }\r\n\r\n    .video-sidebar li:hover::before {\r\n      height: 100%; \/* \u064a\u0645\u062a\u062f \u0645\u0646 \u0645\u0646\u062a\u0635\u0641 \u0627\u0644\u0628\u0644\u0648\u0643 \u0644\u0644\u0623\u0639\u0644\u0649 \u0648\u0627\u0644\u0623\u0633\u0641\u0644 *\/\r\n    }\r\n\r\n    .video-sidebar li:hover {\r\n      color: #fff;\r\n      transform: scale(1.02);\r\n      border-color: #F45C00;\r\n    }\r\n\r\n    .video-main {\r\n      flex: 1;\r\n    }\r\n\r\n    iframe {\r\n      width: 100%;\r\n      max-width: 560px;\r\n      aspect-ratio: 16\/9;\r\n      border: none;\r\n      border-radius: 10px;\r\n      background-color: #000;\r\n      display: block;\r\n    }\r\n\r\n    @media (max-width: 768px) {\r\n      .youtube-video-player {\r\n        flex-direction: column;\r\n        align-items: stretch;\r\n      }\r\n\r\n      .video-sidebar {\r\n        border-right: none;\r\n        border-bottom: 2px solid #001B54;\r\n        padding-right: 0;\r\n        margin-bottom: 15px;\r\n      }\r\n    }\r\n  <\/style>\r\n<\/head>\r\n<body>\r\n\r\n<div class=\"youtube-video-player\">\r\n  <div class=\"video-sidebar\">\r\n    <h4>Videos<\/h4>\r\n    <ul>\r\n      <li data-video=\"8rS5E_nVQyQ\" class=\"active\">\r\n        <span>La premi\u00e8re vid\u00e9o a \u00e9t\u00e9 publi\u00e9e sur la cha\u00eene du journal (Rihana Press) en arabe\u202f<\/span>\r\n      <\/li>\r\n      <li data-video=\"YTZEDmahwz0\">\r\n        <span>La deuxi\u00e8me vid\u00e9o est traduite en anglais et en fran\u00e7ais.<\/span>\r\n      <\/li>\r\n    <\/ul>\r\n  <\/div>\r\n\r\n  <div class=\"video-main\">\r\n    <iframe id=\"player\" src=\"https:\/\/www.youtube.com\/embed\/8rS5E_nVQyQ?rel=0&modestbranding=1\" allowfullscreen><\/iframe>\r\n  <\/div>\r\n<\/div>\r\n\r\n<script>\r\nconst videoItems = document.querySelectorAll('.video-sidebar li');\r\nconst player = document.getElementById('player');\r\n\r\nvideoItems.forEach(item => {\r\n  item.addEventListener('click', () => {\r\n    videoItems.forEach(v => v.classList.remove('active'));\r\n    item.classList.add('active');\r\n    const videoId = item.getAttribute('data-video');\r\n    player.src = `https:\/\/www.youtube.com\/embed\/${videoId}?rel=0&modestbranding=1&autoplay=1`;\r\n  });\r\n});\r\n<\/script>\r\n\r\n<\/body>\r\n<\/html>\r\n\t\t\t\t<\/div>\n\t\t\t\t<\/div>\n\t\t\t\t\t<\/div>\n\t\t<\/div>\n\t\t\t\t\t<\/div>\n\t\t<\/section>\n\t\t\t\t<\/div>","protected":false},"excerpt":{"rendered":"<p>The method of &#8220;repression&#8221; adopted by the Moroccan authorities was documented by Human Rights Watch in their July 2022 report, titled &#8220;They Will Get to You No Matter What.&#8221; Under the title &#8220;They Will Take You Down No Matter What,&#8221; a report by Human Rights Watch issued in July 2022 outlines the repressive tactics employed [&hellip;]<\/p>\n","protected":false},"author":2,"featured_media":1041,"parent":0,"menu_order":0,"comment_status":"closed","ping_status":"closed","template":"","meta":{"om_disable_all_campaigns":false,"_monsterinsights_skip_tracking":false,"_monsterinsights_sitenote_active":false,"_monsterinsights_sitenote_note":"","_monsterinsights_sitenote_category":0,"footnotes":""},"class_list":["post-744","page","type-page","status-publish","has-post-thumbnail","hentry"],"aioseo_notices":[],"jetpack_sharing_enabled":true,"_links":{"self":[{"href":"https:\/\/hanykhater.me\/fr\/wp-json\/wp\/v2\/pages\/744","targetHints":{"allow":["GET"]}}],"collection":[{"href":"https:\/\/hanykhater.me\/fr\/wp-json\/wp\/v2\/pages"}],"about":[{"href":"https:\/\/hanykhater.me\/fr\/wp-json\/wp\/v2\/types\/page"}],"author":[{"embeddable":true,"href":"https:\/\/hanykhater.me\/fr\/wp-json\/wp\/v2\/users\/2"}],"replies":[{"embeddable":true,"href":"https:\/\/hanykhater.me\/fr\/wp-json\/wp\/v2\/comments?post=744"}],"version-history":[{"count":208,"href":"https:\/\/hanykhater.me\/fr\/wp-json\/wp\/v2\/pages\/744\/revisions"}],"predecessor-version":[{"id":2416,"href":"https:\/\/hanykhater.me\/fr\/wp-json\/wp\/v2\/pages\/744\/revisions\/2416"}],"wp:featuredmedia":[{"embeddable":true,"href":"https:\/\/hanykhater.me\/fr\/wp-json\/wp\/v2\/media\/1041"}],"wp:attachment":[{"href":"https:\/\/hanykhater.me\/fr\/wp-json\/wp\/v2\/media?parent=744"}],"curies":[{"name":"wp","href":"https:\/\/api.w.org\/{rel}","templated":true}]}}