{"id":285,"date":"2024-10-11T22:06:26","date_gmt":"2024-10-11T22:06:26","guid":{"rendered":"https:\/\/hanykhater.me\/?page_id=285"},"modified":"2024-10-25T02:28:41","modified_gmt":"2024-10-25T06:28:41","slug":"al-karama-foundation-report-2019-french","status":"publish","type":"page","link":"https:\/\/hanykhater.me\/fr\/al-karama-foundation-report-2019-french\/","title":{"rendered":"Rapport de la Fondation Al-Karama 2019"},"content":{"rendered":"<div data-elementor-type=\"wp-page\" data-elementor-id=\"285\" class=\"elementor elementor-285\">\n\t\t\t\t\t\t<section class=\"elementor-section elementor-top-section elementor-element elementor-element-6c6cd34 elementor-section-boxed elementor-section-height-default elementor-section-height-default\" data-id=\"6c6cd34\" data-element_type=\"section\" data-e-type=\"section\">\n\t\t\t\t\t\t<div class=\"elementor-container elementor-column-gap-default\">\n\t\t\t\t\t<div class=\"elementor-column elementor-col-33 elementor-top-column elementor-element elementor-element-4cc0015\" data-id=\"4cc0015\" data-element_type=\"column\" data-e-type=\"column\">\n\t\t\t<div class=\"elementor-widget-wrap\">\n\t\t\t\t\t\t\t<\/div>\n\t\t<\/div>\n\t\t\t\t<div class=\"elementor-column elementor-col-33 elementor-top-column elementor-element elementor-element-e9bb719\" data-id=\"e9bb719\" data-element_type=\"column\" data-e-type=\"column\">\n\t\t\t<div class=\"elementor-widget-wrap elementor-element-populated\">\n\t\t\t\t\t\t<div class=\"elementor-element elementor-element-5e25f1f elementor-widget elementor-widget-image\" data-id=\"5e25f1f\" data-element_type=\"widget\" data-e-type=\"widget\" data-widget_type=\"image.default\">\n\t\t\t\t<div class=\"elementor-widget-container\">\n\t\t\t\t\t\t\t\t\t\t\t\t\t\t\t<img decoding=\"async\" width=\"167\" height=\"130\" src=\"https:\/\/hanykhater.me\/wp-content\/uploads\/2024\/10\/logo-1.png\" class=\"attachment-large size-large wp-image-328\" alt=\"\" \/>\t\t\t\t\t\t\t\t\t\t\t\t\t\t\t<\/div>\n\t\t\t\t<\/div>\n\t\t\t\t\t<\/div>\n\t\t<\/div>\n\t\t\t\t<div class=\"elementor-column elementor-col-33 elementor-top-column elementor-element elementor-element-c26d2ae\" data-id=\"c26d2ae\" data-element_type=\"column\" data-e-type=\"column\">\n\t\t\t<div class=\"elementor-widget-wrap\">\n\t\t\t\t\t\t\t<\/div>\n\t\t<\/div>\n\t\t\t\t\t<\/div>\n\t\t<\/section>\n\t\t\t\t<section class=\"elementor-section elementor-top-section elementor-element elementor-element-82c3316 elementor-section-boxed elementor-section-height-default elementor-section-height-default\" data-id=\"82c3316\" data-element_type=\"section\" data-e-type=\"section\">\n\t\t\t\t\t\t<div class=\"elementor-container elementor-column-gap-default\">\n\t\t\t\t\t<div class=\"elementor-column elementor-col-100 elementor-top-column elementor-element elementor-element-9a4b8dd\" data-id=\"9a4b8dd\" data-element_type=\"column\" data-e-type=\"column\">\n\t\t\t<div class=\"elementor-widget-wrap elementor-element-populated\">\n\t\t\t\t\t\t<div class=\"elementor-element elementor-element-4452b2b elementor-widget elementor-widget-text-editor\" data-id=\"4452b2b\" data-element_type=\"widget\" data-e-type=\"widget\" data-widget_type=\"text-editor.default\">\n\t\t\t\t<div class=\"elementor-widget-container\">\n\t\t\t\t\t\t\t\t\t<p style=\"direction: ltr; text-align: left;\"><strong>Fondation Al-Karama pour les droits de l'homme.<\/strong> C'est une organisation non gouvernementale bas\u00e9e \u00e0 Gen\u00e8ve, en Suisse, fond\u00e9e en 2004. La fondation vise \u00e0 promouvoir et \u00e0 prot\u00e9ger les droits de l'homme dans les pays arabes, en mettant particuli\u00e8rement l'accent sur les questions de justice sociale et de dignit\u00e9 humaine.<\/p><h3 style=\"direction: ltr; text-align: left;\">Objectifs de la Fondation :<\/h3><ol style=\"text-align: left;\"><li style=\"direction: ltr;\"><strong>D\u00e9fense des droits de l\u2019homme<\/strong>: La fondation travaille \u00e0 surveiller les violations des droits de l\u2019homme dans les pays arabes et \u00e0 apporter un soutien aux victimes.<\/li><li style=\"direction: ltr; text-align: left;\"><strong>Sensibilisation<\/strong>: Elle vise \u00e0 accro\u00eetre la sensibilisation aux questions des droits de l\u2019homme dans la r\u00e9gion gr\u00e2ce \u00e0 la publication de rapports et d\u2019\u00e9tudes.<\/li><li style=\"direction: ltr; text-align: left;\"><strong>Coop\u00e9ration internationale<\/strong>: La fondation favorise la collaboration avec les organisations locales et internationales de d\u00e9fense des droits de l\u2019homme et participe \u00e0 des \u00e9v\u00e9nements internationaux pour promouvoir les droits de l\u2019homme.<\/li><li style=\"direction: ltr;\"><strong>Fourniture de soutien juridique<\/strong>: Elle offre une assistance juridique aux victimes et aux personnes d\u00e9tenues ill\u00e9galement, en s\u2019effor\u00e7ant de tenir les auteurs de violations des droits de l\u2019homme responsables.<\/li><\/ol><h3 style=\"direction: ltr; text-align: left;\">Activit\u00e9s principales :<\/h3><ul style=\"text-align: left;\"><li style=\"direction: ltr;\"><strong>Rapports et \u00e9tudes<\/strong>: La fondation publie des rapports p\u00e9riodiques mettant en lumi\u00e8re l\u2019\u00e9tat des droits de l\u2019homme dans les pays arabes.<\/li><li style=\"direction: ltr;\"><strong>Conf\u00e9rences et s\u00e9minaires<\/strong>: Elle organise des conf\u00e9rences et des s\u00e9minaires internationaux pour sensibiliser aux questions des droits de l\u2019homme.<\/li><li style=\"direction: ltr;\"><strong>Travail avec les victimes<\/strong>La fondation apporte un soutien aux victimes et les aide \u00e0 d\u00e9poser des plaintes aupr\u00e8s des institutions internationales comp\u00e9tentes en mati\u00e8re de droits de l\u2019homme.<\/li><\/ul><p style=\"direction: ltr; text-align: left;\">La Fondation Al-Karama pour les droits de l'homme est consid\u00e9r\u00e9e comme l'un des acteurs cl\u00e9s dans le domaine des droits de l'homme dans le monde arabe, contribuant aux efforts visant \u00e0 r\u00e9aliser la justice sociale et les droits humains pour tous.<\/p>\t\t\t\t\t\t\t\t<\/div>\n\t\t\t\t<\/div>\n\t\t\t\t\t<\/div>\n\t\t<\/div>\n\t\t\t\t\t<\/div>\n\t\t<\/section>\n\t\t\t\t<section class=\"elementor-section elementor-top-section elementor-element elementor-element-e492a6d elementor-section-boxed elementor-section-height-default elementor-section-height-default\" data-id=\"e492a6d\" data-element_type=\"section\" data-e-type=\"section\">\n\t\t\t\t\t\t<div class=\"elementor-container elementor-column-gap-default\">\n\t\t\t\t\t<div class=\"elementor-column elementor-col-100 elementor-top-column elementor-element elementor-element-b9a4a32\" data-id=\"b9a4a32\" data-element_type=\"column\" data-e-type=\"column\">\n\t\t\t<div class=\"elementor-widget-wrap elementor-element-populated\">\n\t\t\t\t\t\t<div class=\"elementor-element elementor-element-e3e66d7 elementor-widget elementor-widget-spacer\" data-id=\"e3e66d7\" data-element_type=\"widget\" data-e-type=\"widget\" data-widget_type=\"spacer.default\">\n\t\t\t\t<div class=\"elementor-widget-container\">\n\t\t\t\t\t\t\t<div class=\"elementor-spacer\">\n\t\t\t<div class=\"elementor-spacer-inner\"><\/div>\n\t\t<\/div>\n\t\t\t\t\t\t<\/div>\n\t\t\t\t<\/div>\n\t\t\t\t<div class=\"elementor-element elementor-element-2861e4e elementor-widget elementor-widget-heading\" data-id=\"2861e4e\" data-element_type=\"widget\" data-e-type=\"widget\" data-widget_type=\"heading.default\">\n\t\t\t\t<div class=\"elementor-widget-container\">\n\t\t\t\t\t<h5 class=\"elementor-heading-title elementor-size-default\">\ud83d\udc47Al-Karama Foundation Report 2019 French\n\n\ud83d\udc47\n\n<\/h5>\t\t\t\t<\/div>\n\t\t\t\t<\/div>\n\t\t\t\t<div class=\"elementor-element elementor-element-6514c55 elementor-widget elementor-widget-spacer\" data-id=\"6514c55\" data-element_type=\"widget\" data-e-type=\"widget\" data-widget_type=\"spacer.default\">\n\t\t\t\t<div class=\"elementor-widget-container\">\n\t\t\t\t\t\t\t<div class=\"elementor-spacer\">\n\t\t\t<div class=\"elementor-spacer-inner\"><\/div>\n\t\t<\/div>\n\t\t\t\t\t\t<\/div>\n\t\t\t\t<\/div>\n\t\t\t\t\t<\/div>\n\t\t<\/div>\n\t\t\t\t\t<\/div>\n\t\t<\/section>\n\t\t\t\t<section class=\"elementor-section elementor-top-section elementor-element elementor-element-495e0316 elementor-section-boxed elementor-section-height-default elementor-section-height-default\" data-id=\"495e0316\" data-element_type=\"section\" data-e-type=\"section\">\n\t\t\t\t\t\t<div class=\"elementor-container elementor-column-gap-default\">\n\t\t\t\t\t<div class=\"elementor-column elementor-col-100 elementor-top-column elementor-element elementor-element-5bacf51b\" data-id=\"5bacf51b\" data-element_type=\"column\" data-e-type=\"column\">\n\t\t\t<div class=\"elementor-widget-wrap elementor-element-populated\">\n\t\t\t\t\t\t<div class=\"elementor-element elementor-element-5eff9f3c elementor-widget elementor-widget-shortcode\" data-id=\"5eff9f3c\" data-element_type=\"widget\" data-e-type=\"widget\" data-widget_type=\"shortcode.default\">\n\t\t\t\t<div class=\"elementor-widget-container\">\n\t\t\t\t\t\t\t<div class=\"elementor-shortcode\"><div class=\"ead-preview\"><div class=\"ead-document\" style=\"position: relative;padding-top: 90%\"><div class=\"ead-iframe-wrapper\"><iframe src=\"\/\/docs.google.com\/viewer?url=https%3A%2F%2Fhanykhater.me%2Fwp-content%2Fuploads%2F2024%2F10%2FALK_Rapport-annuel_2019_CorrigeS-French.pdf&amp;embedded=true&amp;hl=en\" title=\"Embedded Document\" class=\"ead-iframe\" style=\"width: 100%;height: 100%;border: none;position: absolute;left: 0;top: 0;visibility: hidden;\"><\/iframe><\/div>\t\t\t<div class=\"ead-document-loading\" style=\"width:100%;height:100%;position:absolute;left:0;top:0;z-index:10\">\n\t\t\t\t<div class=\"ead-loading-wrap\">\n\t\t\t\t\t<div class=\"ead-loading-main\">\n\t\t\t\t\t\t<div class=\"ead-loading\">\n\t\t\t\t\t\t\t<img decoding=\"async\" src=\"https:\/\/hanykhater.me\/wp-content\/plugins\/embed-any-document\/images\/loading.svg\" width=\"55\" height=\"55\" alt=\"Loader\">\n\t\t\t\t\t\t\t<span>Loading...<\/span>\n\t\t\t\t\t\t<\/div>\n\t\t\t\t\t<\/div>\n\t\t\t\t\t<div class=\"ead-loading-foot\">\n\t\t\t\t\t\t<div class=\"ead-loading-foot-title\">\n\t\t\t\t\t\t\t<img decoding=\"async\" src=\"https:\/\/hanykhater.me\/wp-content\/plugins\/embed-any-document\/images\/EAD-logo.svg\" alt=\"EAD Logo\" width=\"36\" height=\"23\"\/>\n\t\t\t\t\t\t\t<span>Taking too long?<\/span>\n\t\t\t\t\t\t<\/div>\n\t\t\t\t\t\t<p>\n\t\t\t\t\t\t\t<div class=\"ead-document-btn ead-reload-btn\" role=\"button\">\n\t\t\t\t\t\t\t\t<img loading=\"lazy\" decoding=\"async\" src=\"https:\/\/hanykhater.me\/wp-content\/plugins\/embed-any-document\/images\/reload.svg\" alt=\"Reload\" width=\"12\" height=\"12\"\/> Reload document\t\t\t\t\t\t\t<\/div>\n\t\t\t\t\t\t\t<span>|<\/span>\n\t\t\t\t\t\t\t<a href=\"https:\/\/hanykhater.me\/wp-content\/uploads\/2024\/10\/ALK_Rapport-annuel_2019_CorrigeS-French.pdf\" class=\"ead-document-btn\" target=\"_blank\">\n\t\t\t\t\t\t\t\t<img loading=\"lazy\" decoding=\"async\" src=\"https:\/\/hanykhater.me\/wp-content\/plugins\/embed-any-document\/images\/open.svg\" alt=\"Open\" width=\"12\" height=\"12\"\/> Open in new tab\t\t\t\t\t\t\t<\/a>\n\t\t\t\t\t<\/div>\n\t\t\t\t<\/div>\n\t\t\t<\/div>\n\t\t<\/div><\/div><\/div>\n\t\t\t\t\t\t<\/div>\n\t\t\t\t<\/div>\n\t\t\t\t\t<\/div>\n\t\t<\/div>\n\t\t\t\t\t<\/div>\n\t\t<\/section>\n\t\t\t\t<\/div>","protected":false},"excerpt":{"rendered":"<p>Al-Karama Foundation for Human Rights is a non-governmental organization based in Geneva, Switzerland, founded in 2004. The foundation aims to promote and protect human rights in Arab countries, with a particular focus on issues of social justice and human dignity. Objectives of the Foundation: Defending Human Rights: The foundation works to monitor human rights violations [&hellip;]<\/p>\n","protected":false},"author":2,"featured_media":1007,"parent":0,"menu_order":0,"comment_status":"closed","ping_status":"closed","template":"","meta":{"om_disable_all_campaigns":false,"_monsterinsights_skip_tracking":false,"_monsterinsights_sitenote_active":false,"_monsterinsights_sitenote_note":"","_monsterinsights_sitenote_category":0,"footnotes":""},"class_list":["post-285","page","type-page","status-publish","has-post-thumbnail","hentry"],"aioseo_notices":[],"jetpack_sharing_enabled":true,"_links":{"self":[{"href":"https:\/\/hanykhater.me\/fr\/wp-json\/wp\/v2\/pages\/285","targetHints":{"allow":["GET"]}}],"collection":[{"href":"https:\/\/hanykhater.me\/fr\/wp-json\/wp\/v2\/pages"}],"about":[{"href":"https:\/\/hanykhater.me\/fr\/wp-json\/wp\/v2\/types\/page"}],"author":[{"embeddable":true,"href":"https:\/\/hanykhater.me\/fr\/wp-json\/wp\/v2\/users\/2"}],"replies":[{"embeddable":true,"href":"https:\/\/hanykhater.me\/fr\/wp-json\/wp\/v2\/comments?post=285"}],"version-history":[{"count":9,"href":"https:\/\/hanykhater.me\/fr\/wp-json\/wp\/v2\/pages\/285\/revisions"}],"predecessor-version":[{"id":1292,"href":"https:\/\/hanykhater.me\/fr\/wp-json\/wp\/v2\/pages\/285\/revisions\/1292"}],"wp:featuredmedia":[{"embeddable":true,"href":"https:\/\/hanykhater.me\/fr\/wp-json\/wp\/v2\/media\/1007"}],"wp:attachment":[{"href":"https:\/\/hanykhater.me\/fr\/wp-json\/wp\/v2\/media?parent=285"}],"curies":[{"name":"wp","href":"https:\/\/api.w.org\/{rel}","templated":true}]}}