{"id":245,"date":"2024-10-11T13:02:21","date_gmt":"2024-10-11T13:02:21","guid":{"rendered":"https:\/\/hanykhater.me\/?page_id=245"},"modified":"2024-10-25T02:32:45","modified_gmt":"2024-10-25T06:32:45","slug":"al-karama-foundation-in-geneva-after-the-issuance-of-the-decision","status":"publish","type":"page","link":"https:\/\/hanykhater.me\/fr\/al-karama-foundation-in-geneva-after-the-issuance-of-the-decision\/","title":{"rendered":"Al-Karama Foundation in Geneva After the Issuance of the Decision"},"content":{"rendered":"<div data-elementor-type=\"wp-page\" data-elementor-id=\"245\" class=\"elementor elementor-245\">\n\t\t\t\t\t\t<section class=\"elementor-section elementor-top-section elementor-element elementor-element-f08309e elementor-section-boxed elementor-section-height-default elementor-section-height-default\" data-id=\"f08309e\" data-element_type=\"section\" data-e-type=\"section\">\n\t\t\t\t\t\t<div class=\"elementor-container elementor-column-gap-default\">\n\t\t\t\t\t<div class=\"elementor-column elementor-col-33 elementor-top-column elementor-element elementor-element-2166f3f\" data-id=\"2166f3f\" data-element_type=\"column\" data-e-type=\"column\">\n\t\t\t<div class=\"elementor-widget-wrap\">\n\t\t\t\t\t\t\t<\/div>\n\t\t<\/div>\n\t\t\t\t<div class=\"elementor-column elementor-col-33 elementor-top-column elementor-element elementor-element-17b1098\" data-id=\"17b1098\" data-element_type=\"column\" data-e-type=\"column\">\n\t\t\t<div class=\"elementor-widget-wrap elementor-element-populated\">\n\t\t\t\t\t\t<div class=\"elementor-element elementor-element-5ecaf8d elementor-widget elementor-widget-image\" data-id=\"5ecaf8d\" data-element_type=\"widget\" data-e-type=\"widget\" data-widget_type=\"image.default\">\n\t\t\t\t<div class=\"elementor-widget-container\">\n\t\t\t\t\t\t\t\t\t\t\t\t\t\t\t<img decoding=\"async\" width=\"167\" height=\"130\" src=\"https:\/\/hanykhater.me\/wp-content\/uploads\/2024\/10\/logo-1.png\" class=\"attachment-large size-large wp-image-328\" alt=\"\" \/>\t\t\t\t\t\t\t\t\t\t\t\t\t\t\t<\/div>\n\t\t\t\t<\/div>\n\t\t\t\t\t<\/div>\n\t\t<\/div>\n\t\t\t\t<div class=\"elementor-column elementor-col-33 elementor-top-column elementor-element elementor-element-b3f735f\" data-id=\"b3f735f\" data-element_type=\"column\" data-e-type=\"column\">\n\t\t\t<div class=\"elementor-widget-wrap\">\n\t\t\t\t\t\t\t<\/div>\n\t\t<\/div>\n\t\t\t\t\t<\/div>\n\t\t<\/section>\n\t\t\t\t<section class=\"elementor-section elementor-top-section elementor-element elementor-element-1a9cf7a elementor-section-boxed elementor-section-height-default elementor-section-height-default\" data-id=\"1a9cf7a\" data-element_type=\"section\" data-e-type=\"section\">\n\t\t\t\t\t\t<div class=\"elementor-container elementor-column-gap-default\">\n\t\t\t\t\t<div class=\"elementor-column elementor-col-100 elementor-top-column elementor-element elementor-element-bf2b37b\" data-id=\"bf2b37b\" data-element_type=\"column\" data-e-type=\"column\">\n\t\t\t<div class=\"elementor-widget-wrap elementor-element-populated\">\n\t\t\t\t\t\t<div class=\"elementor-element elementor-element-6e26999 elementor-widget elementor-widget-text-editor\" data-id=\"6e26999\" data-element_type=\"widget\" data-e-type=\"widget\" data-widget_type=\"text-editor.default\">\n\t\t\t\t<div class=\"elementor-widget-container\">\n\t\t\t\t\t\t\t\t\t<p style=\"direction: ltr; text-align: left;\"><strong>Fondation Al-Karama pour les droits de l'homme.<\/strong> C'est une organisation non gouvernementale bas\u00e9e \u00e0 Gen\u00e8ve, en Suisse, fond\u00e9e en 2004. La fondation vise \u00e0 promouvoir et \u00e0 prot\u00e9ger les droits de l'homme dans les pays arabes, en mettant particuli\u00e8rement l'accent sur les questions de justice sociale et de dignit\u00e9 humaine.<\/p><h3 style=\"direction: ltr; text-align: left;\">Objectifs de la Fondation :<\/h3><ol style=\"text-align: left;\"><li style=\"direction: ltr;\"><strong>D\u00e9fense des droits de l\u2019homme<\/strong>: La fondation travaille \u00e0 surveiller les violations des droits de l\u2019homme dans les pays arabes et \u00e0 apporter un soutien aux victimes.<\/li><li style=\"direction: ltr; text-align: left;\"><strong>Sensibilisation<\/strong>: Elle vise \u00e0 accro\u00eetre la sensibilisation aux questions des droits de l\u2019homme dans la r\u00e9gion gr\u00e2ce \u00e0 la publication de rapports et d\u2019\u00e9tudes.<\/li><li style=\"direction: ltr; text-align: left;\"><strong>Coop\u00e9ration internationale<\/strong>: La fondation favorise la collaboration avec les organisations locales et internationales de d\u00e9fense des droits de l\u2019homme et participe \u00e0 des \u00e9v\u00e9nements internationaux pour promouvoir les droits de l\u2019homme.<\/li><li style=\"direction: ltr;\"><strong>Fourniture de soutien juridique<\/strong>: Elle offre une assistance juridique aux victimes et aux personnes d\u00e9tenues ill\u00e9galement, en s\u2019effor\u00e7ant de tenir les auteurs de violations des droits de l\u2019homme responsables.<\/li><\/ol><h3 style=\"direction: ltr; text-align: left;\">Activit\u00e9s principales :<\/h3><ul style=\"text-align: left;\"><li style=\"direction: ltr;\"><strong>Rapports et \u00e9tudes<\/strong>: La fondation publie des rapports p\u00e9riodiques mettant en lumi\u00e8re l\u2019\u00e9tat des droits de l\u2019homme dans les pays arabes.<\/li><li style=\"direction: ltr;\"><strong>Conf\u00e9rences et s\u00e9minaires<\/strong>: Elle organise des conf\u00e9rences et des s\u00e9minaires internationaux pour sensibiliser aux questions des droits de l\u2019homme.<\/li><li style=\"direction: ltr;\"><strong>Travail avec les victimes<\/strong>La fondation apporte un soutien aux victimes et les aide \u00e0 d\u00e9poser des plaintes aupr\u00e8s des institutions internationales comp\u00e9tentes en mati\u00e8re de droits de l\u2019homme.<\/li><\/ul><p style=\"direction: ltr; text-align: left;\">La Fondation Al-Karama pour les droits de l'homme est consid\u00e9r\u00e9e comme l'un des acteurs cl\u00e9s dans le domaine des droits de l'homme dans le monde arabe, contribuant aux efforts visant \u00e0 r\u00e9aliser la justice sociale et les droits humains pour tous.<\/p>\t\t\t\t\t\t\t\t<\/div>\n\t\t\t\t<\/div>\n\t\t\t\t\t<\/div>\n\t\t<\/div>\n\t\t\t\t\t<\/div>\n\t\t<\/section>\n\t\t\t\t<section class=\"elementor-section elementor-top-section elementor-element elementor-element-55081d0 elementor-section-boxed elementor-section-height-default elementor-section-height-default\" data-id=\"55081d0\" data-element_type=\"section\" data-e-type=\"section\">\n\t\t\t\t\t\t<div class=\"elementor-container elementor-column-gap-default\">\n\t\t\t\t\t<div class=\"elementor-column elementor-col-100 elementor-top-column elementor-element elementor-element-6da23a3\" data-id=\"6da23a3\" data-element_type=\"column\" data-e-type=\"column\">\n\t\t\t<div class=\"elementor-widget-wrap elementor-element-populated\">\n\t\t\t\t\t\t<div class=\"elementor-element elementor-element-4d6e96e elementor-widget elementor-widget-spacer\" data-id=\"4d6e96e\" data-element_type=\"widget\" data-e-type=\"widget\" data-widget_type=\"spacer.default\">\n\t\t\t\t<div class=\"elementor-widget-container\">\n\t\t\t\t\t\t\t<div class=\"elementor-spacer\">\n\t\t\t<div class=\"elementor-spacer-inner\"><\/div>\n\t\t<\/div>\n\t\t\t\t\t\t<\/div>\n\t\t\t\t<\/div>\n\t\t\t\t<div class=\"elementor-element elementor-element-49b850d elementor-widget elementor-widget-heading\" data-id=\"49b850d\" data-element_type=\"widget\" data-e-type=\"widget\" data-widget_type=\"heading.default\">\n\t\t\t\t<div class=\"elementor-widget-container\">\n\t\t\t\t\t<h3 class=\"elementor-heading-title elementor-size-default\">\ud83d\udc47 Article d\u2019Alkarama dat\u00e9 du 19 d\u00e9cembre 2019 \ud83d\udc47\n<\/h3>\t\t\t\t<\/div>\n\t\t\t\t<\/div>\n\t\t\t\t\t<\/div>\n\t\t<\/div>\n\t\t\t\t\t<\/div>\n\t\t<\/section>\n\t\t\t\t<section class=\"elementor-section elementor-top-section elementor-element elementor-element-47054db elementor-section-boxed elementor-section-height-default elementor-section-height-default\" data-id=\"47054db\" data-element_type=\"section\" data-e-type=\"section\">\n\t\t\t\t\t\t<div class=\"elementor-container elementor-column-gap-default\">\n\t\t\t\t\t<div class=\"elementor-column elementor-col-100 elementor-top-column elementor-element elementor-element-ef88faf\" data-id=\"ef88faf\" data-element_type=\"column\" data-e-type=\"column\">\n\t\t\t<div class=\"elementor-widget-wrap elementor-element-populated\">\n\t\t\t\t\t\t<div class=\"elementor-element elementor-element-1ad29d6 elementor-widget elementor-widget-spacer\" data-id=\"1ad29d6\" data-element_type=\"widget\" data-e-type=\"widget\" data-widget_type=\"spacer.default\">\n\t\t\t\t<div class=\"elementor-widget-container\">\n\t\t\t\t\t\t\t<div class=\"elementor-spacer\">\n\t\t\t<div class=\"elementor-spacer-inner\"><\/div>\n\t\t<\/div>\n\t\t\t\t\t\t<\/div>\n\t\t\t\t<\/div>\n\t\t\t\t<div class=\"elementor-element elementor-element-ee585c3 elementor-widget elementor-widget-heading\" data-id=\"ee585c3\" data-element_type=\"widget\" data-e-type=\"widget\" data-widget_type=\"heading.default\">\n\t\t\t\t<div class=\"elementor-widget-container\">\n\t\t\t\t\t<h3 class=\"elementor-heading-title elementor-size-default\">L\u2019article est en arabe.<\/h3>\t\t\t\t<\/div>\n\t\t\t\t<\/div>\n\t\t\t\t<div class=\"elementor-element elementor-element-86f104e elementor-align-center elementor-widget elementor-widget-button\" data-id=\"86f104e\" data-element_type=\"widget\" data-e-type=\"widget\" data-widget_type=\"button.default\">\n\t\t\t\t<div class=\"elementor-widget-container\">\n\t\t\t\t\t\t\t\t\t<div class=\"elementor-button-wrapper\">\n\t\t\t\t\t<a class=\"elementor-button elementor-button-link elementor-size-sm\" href=\"https:\/\/www.alkarama.org\/ar\/articles\/qrar-alamm-almthdt-ly-almghrb-ala-yslm-alshfy-hany-khatr-aly-msr\">\n\t\t\t\t\t\t<span class=\"elementor-button-content-wrapper\">\n\t\t\t\t\t\t\t\t\t<span class=\"elementor-button-text\">Cliquez ici.<\/span>\n\t\t\t\t\t<\/span>\n\t\t\t\t\t<\/a>\n\t\t\t\t<\/div>\n\t\t\t\t\t\t\t\t<\/div>\n\t\t\t\t<\/div>\n\t\t\t\t\t<\/div>\n\t\t<\/div>\n\t\t\t\t\t<\/div>\n\t\t<\/section>\n\t\t\t\t<section class=\"elementor-section elementor-top-section elementor-element elementor-element-9d14e9e elementor-section-boxed elementor-section-height-default elementor-section-height-default\" data-id=\"9d14e9e\" data-element_type=\"section\" data-e-type=\"section\">\n\t\t\t\t\t\t<div class=\"elementor-container elementor-column-gap-default\">\n\t\t\t\t\t<div class=\"elementor-column elementor-col-100 elementor-top-column elementor-element elementor-element-22bec2a\" data-id=\"22bec2a\" data-element_type=\"column\" data-e-type=\"column\">\n\t\t\t<div class=\"elementor-widget-wrap elementor-element-populated\">\n\t\t\t\t\t\t<div class=\"elementor-element elementor-element-a902022 elementor-widget elementor-widget-spacer\" data-id=\"a902022\" data-element_type=\"widget\" data-e-type=\"widget\" data-widget_type=\"spacer.default\">\n\t\t\t\t<div class=\"elementor-widget-container\">\n\t\t\t\t\t\t\t<div class=\"elementor-spacer\">\n\t\t\t<div class=\"elementor-spacer-inner\"><\/div>\n\t\t<\/div>\n\t\t\t\t\t\t<\/div>\n\t\t\t\t<\/div>\n\t\t\t\t<div class=\"elementor-element elementor-element-fce964e elementor-widget elementor-widget-heading\" data-id=\"fce964e\" data-element_type=\"widget\" data-e-type=\"widget\" data-widget_type=\"heading.default\">\n\t\t\t\t<div class=\"elementor-widget-container\">\n\t\t\t\t\t<h3 class=\"elementor-heading-title elementor-size-default\">L'article est en fran\u00e7ais.<\/h3>\t\t\t\t<\/div>\n\t\t\t\t<\/div>\n\t\t\t\t<div class=\"elementor-element elementor-element-a6b975e elementor-align-center elementor-widget elementor-widget-button\" data-id=\"a6b975e\" data-element_type=\"widget\" data-e-type=\"widget\" data-widget_type=\"button.default\">\n\t\t\t\t<div class=\"elementor-widget-container\">\n\t\t\t\t\t\t\t\t\t<div class=\"elementor-button-wrapper\">\n\t\t\t\t\t<a class=\"elementor-button elementor-button-link elementor-size-sm\" href=\"https:\/\/www.alkarama.org\/fr\/articles\/decision-onusienne-detenu-depuis-3-annees-au-maroc-le-journaliste-hany-khater-ne-doit-pas\">\n\t\t\t\t\t\t<span class=\"elementor-button-content-wrapper\">\n\t\t\t\t\t\t\t\t\t<span class=\"elementor-button-text\">Cliquez ici.<\/span>\n\t\t\t\t\t<\/span>\n\t\t\t\t\t<\/a>\n\t\t\t\t<\/div>\n\t\t\t\t\t\t\t\t<\/div>\n\t\t\t\t<\/div>\n\t\t\t\t\t<\/div>\n\t\t<\/div>\n\t\t\t\t\t<\/div>\n\t\t<\/section>\n\t\t\t\t<\/div>","protected":false},"excerpt":{"rendered":"<p>Al-Karama Foundation for Human Rights is a non-governmental organization based in Geneva, Switzerland, founded in 2004. The foundation aims to promote and protect human rights in Arab countries, with a particular focus on issues of social justice and human dignity. Objectives of the Foundation: Defending Human Rights: The foundation works to monitor human rights violations [&hellip;]<\/p>\n","protected":false},"author":2,"featured_media":1001,"parent":0,"menu_order":0,"comment_status":"closed","ping_status":"closed","template":"","meta":{"om_disable_all_campaigns":false,"_monsterinsights_skip_tracking":false,"_monsterinsights_sitenote_active":false,"_monsterinsights_sitenote_note":"","_monsterinsights_sitenote_category":0,"footnotes":""},"class_list":["post-245","page","type-page","status-publish","has-post-thumbnail","hentry"],"aioseo_notices":[],"jetpack_sharing_enabled":true,"_links":{"self":[{"href":"https:\/\/hanykhater.me\/fr\/wp-json\/wp\/v2\/pages\/245","targetHints":{"allow":["GET"]}}],"collection":[{"href":"https:\/\/hanykhater.me\/fr\/wp-json\/wp\/v2\/pages"}],"about":[{"href":"https:\/\/hanykhater.me\/fr\/wp-json\/wp\/v2\/types\/page"}],"author":[{"embeddable":true,"href":"https:\/\/hanykhater.me\/fr\/wp-json\/wp\/v2\/users\/2"}],"replies":[{"embeddable":true,"href":"https:\/\/hanykhater.me\/fr\/wp-json\/wp\/v2\/comments?post=245"}],"version-history":[{"count":15,"href":"https:\/\/hanykhater.me\/fr\/wp-json\/wp\/v2\/pages\/245\/revisions"}],"predecessor-version":[{"id":1294,"href":"https:\/\/hanykhater.me\/fr\/wp-json\/wp\/v2\/pages\/245\/revisions\/1294"}],"wp:featuredmedia":[{"embeddable":true,"href":"https:\/\/hanykhater.me\/fr\/wp-json\/wp\/v2\/media\/1001"}],"wp:attachment":[{"href":"https:\/\/hanykhater.me\/fr\/wp-json\/wp\/v2\/media?parent=245"}],"curies":[{"name":"wp","href":"https:\/\/api.w.org\/{rel}","templated":true}]}}