{"id":242,"date":"2024-10-11T13:00:15","date_gmt":"2024-10-11T13:00:15","guid":{"rendered":"https:\/\/hanykhater.me\/?page_id=242"},"modified":"2024-10-25T02:30:41","modified_gmt":"2024-10-25T06:30:41","slug":"al-karama-foundation-in-geneva-before-the-issuance-of-the-decision","status":"publish","type":"page","link":"https:\/\/hanykhater.me\/fr\/al-karama-foundation-in-geneva-before-the-issuance-of-the-decision\/","title":{"rendered":"Fondation Al-Karama \u00e0 Gen\u00e8ve avant l'\u00e9mission de la d\u00e9cision."},"content":{"rendered":"<div data-elementor-type=\"wp-page\" data-elementor-id=\"242\" class=\"elementor elementor-242\">\n\t\t\t\t\t\t<section class=\"elementor-section elementor-top-section elementor-element elementor-element-a5de7fe elementor-section-boxed elementor-section-height-default elementor-section-height-default\" data-id=\"a5de7fe\" data-element_type=\"section\" data-e-type=\"section\">\n\t\t\t\t\t\t<div class=\"elementor-container elementor-column-gap-default\">\n\t\t\t\t\t<div class=\"elementor-column elementor-col-33 elementor-top-column elementor-element elementor-element-474984d\" data-id=\"474984d\" data-element_type=\"column\" data-e-type=\"column\">\n\t\t\t<div class=\"elementor-widget-wrap elementor-element-populated\">\n\t\t\t\t\t\t<section class=\"elementor-section elementor-inner-section elementor-element elementor-element-1f199f6 elementor-section-boxed elementor-section-height-default elementor-section-height-default\" data-id=\"1f199f6\" data-element_type=\"section\" data-e-type=\"section\">\n\t\t\t\t\t\t<div class=\"elementor-container elementor-column-gap-default\">\n\t\t\t\t\t<div class=\"elementor-column elementor-col-100 elementor-inner-column elementor-element elementor-element-8f52161\" data-id=\"8f52161\" data-element_type=\"column\" data-e-type=\"column\">\n\t\t\t<div class=\"elementor-widget-wrap\">\n\t\t\t\t\t\t\t<\/div>\n\t\t<\/div>\n\t\t\t\t\t<\/div>\n\t\t<\/section>\n\t\t\t\t\t<\/div>\n\t\t<\/div>\n\t\t\t\t<div class=\"elementor-column elementor-col-33 elementor-top-column elementor-element elementor-element-3d3f04f\" data-id=\"3d3f04f\" data-element_type=\"column\" data-e-type=\"column\">\n\t\t\t<div class=\"elementor-widget-wrap elementor-element-populated\">\n\t\t\t\t\t\t<div class=\"elementor-element elementor-element-d44117e elementor-widget elementor-widget-image\" data-id=\"d44117e\" data-element_type=\"widget\" data-e-type=\"widget\" data-widget_type=\"image.default\">\n\t\t\t\t<div class=\"elementor-widget-container\">\n\t\t\t\t\t\t\t\t\t\t\t\t\t\t\t<img decoding=\"async\" width=\"167\" height=\"130\" src=\"https:\/\/hanykhater.me\/wp-content\/uploads\/2024\/10\/logo-1.png\" class=\"attachment-large size-large wp-image-328\" alt=\"\" \/>\t\t\t\t\t\t\t\t\t\t\t\t\t\t\t<\/div>\n\t\t\t\t<\/div>\n\t\t\t\t<div class=\"elementor-element elementor-element-ac9d872 elementor-widget elementor-widget-spacer\" data-id=\"ac9d872\" data-element_type=\"widget\" data-e-type=\"widget\" data-widget_type=\"spacer.default\">\n\t\t\t\t<div class=\"elementor-widget-container\">\n\t\t\t\t\t\t\t<div class=\"elementor-spacer\">\n\t\t\t<div class=\"elementor-spacer-inner\"><\/div>\n\t\t<\/div>\n\t\t\t\t\t\t<\/div>\n\t\t\t\t<\/div>\n\t\t\t\t\t<\/div>\n\t\t<\/div>\n\t\t\t\t<div class=\"elementor-column elementor-col-33 elementor-top-column elementor-element elementor-element-96d7e58\" data-id=\"96d7e58\" data-element_type=\"column\" data-e-type=\"column\">\n\t\t\t<div class=\"elementor-widget-wrap\">\n\t\t\t\t\t\t\t<\/div>\n\t\t<\/div>\n\t\t\t\t\t<\/div>\n\t\t<\/section>\n\t\t\t\t<section class=\"elementor-section elementor-top-section elementor-element elementor-element-3502d84 elementor-section-boxed elementor-section-height-default elementor-section-height-default\" data-id=\"3502d84\" data-element_type=\"section\" data-e-type=\"section\">\n\t\t\t\t\t\t<div class=\"elementor-container elementor-column-gap-default\">\n\t\t\t\t\t<div class=\"elementor-column elementor-col-100 elementor-top-column elementor-element elementor-element-7f4eba3\" data-id=\"7f4eba3\" data-element_type=\"column\" data-e-type=\"column\">\n\t\t\t<div class=\"elementor-widget-wrap elementor-element-populated\">\n\t\t\t\t\t\t<div class=\"elementor-element elementor-element-370952d elementor-widget elementor-widget-text-editor\" data-id=\"370952d\" data-element_type=\"widget\" data-e-type=\"widget\" data-widget_type=\"text-editor.default\">\n\t\t\t\t<div class=\"elementor-widget-container\">\n\t\t\t\t\t\t\t\t\t<p style=\"direction: ltr; text-align: left;\"><strong>Fondation Al-Karama pour les droits de l'homme.<\/strong> C'est une organisation non gouvernementale bas\u00e9e \u00e0 Gen\u00e8ve, en Suisse, fond\u00e9e en 2004. La fondation vise \u00e0 promouvoir et \u00e0 prot\u00e9ger les droits de l'homme dans les pays arabes, en mettant particuli\u00e8rement l'accent sur les questions de justice sociale et de dignit\u00e9 humaine.<\/p><h3 style=\"direction: ltr; text-align: left;\">Objectifs de la Fondation :<\/h3><ol style=\"text-align: left;\"><li style=\"direction: ltr;\"><strong>D\u00e9fense des droits de l\u2019homme<\/strong>: La fondation travaille \u00e0 surveiller les violations des droits de l\u2019homme dans les pays arabes et \u00e0 apporter un soutien aux victimes.<\/li><li style=\"direction: ltr; text-align: left;\"><strong>Sensibilisation<\/strong>: Elle vise \u00e0 accro\u00eetre la sensibilisation aux questions des droits de l\u2019homme dans la r\u00e9gion gr\u00e2ce \u00e0 la publication de rapports et d\u2019\u00e9tudes.<\/li><li style=\"direction: ltr; text-align: left;\"><strong>Coop\u00e9ration internationale<\/strong>: La fondation favorise la collaboration avec les organisations locales et internationales de d\u00e9fense des droits de l\u2019homme et participe \u00e0 des \u00e9v\u00e9nements internationaux pour promouvoir les droits de l\u2019homme.<\/li><li style=\"direction: ltr;\"><strong>Fourniture de soutien juridique<\/strong>: Elle offre une assistance juridique aux victimes et aux personnes d\u00e9tenues ill\u00e9galement, en s\u2019effor\u00e7ant de tenir les auteurs de violations des droits de l\u2019homme responsables.<\/li><\/ol><h3 style=\"direction: ltr; text-align: left;\">Activit\u00e9s principales :<\/h3><ul style=\"text-align: left;\"><li style=\"direction: ltr;\"><strong>Rapports et \u00e9tudes<\/strong>: La fondation publie des rapports p\u00e9riodiques mettant en lumi\u00e8re l\u2019\u00e9tat des droits de l\u2019homme dans les pays arabes.<\/li><li style=\"direction: ltr;\"><strong>Conf\u00e9rences et s\u00e9minaires<\/strong>: Elle organise des conf\u00e9rences et des s\u00e9minaires internationaux pour sensibiliser aux questions des droits de l\u2019homme.<\/li><li style=\"direction: ltr;\"><strong>Travail avec les victimes<\/strong>La fondation apporte un soutien aux victimes et les aide \u00e0 d\u00e9poser des plaintes aupr\u00e8s des institutions internationales comp\u00e9tentes en mati\u00e8re de droits de l\u2019homme.<\/li><\/ul><p style=\"direction: ltr; text-align: left;\">La Fondation Al-Karama pour les droits de l'homme est consid\u00e9r\u00e9e comme l'un des acteurs cl\u00e9s dans le domaine des droits de l'homme dans le monde arabe, contribuant aux efforts visant \u00e0 r\u00e9aliser la justice sociale et les droits humains pour tous.<\/p>\t\t\t\t\t\t\t\t<\/div>\n\t\t\t\t<\/div>\n\t\t\t\t\t<\/div>\n\t\t<\/div>\n\t\t\t\t\t<\/div>\n\t\t<\/section>\n\t\t\t\t<section class=\"elementor-section elementor-top-section elementor-element elementor-element-589b486 elementor-section-boxed elementor-section-height-default elementor-section-height-default\" data-id=\"589b486\" data-element_type=\"section\" data-e-type=\"section\">\n\t\t\t\t\t\t<div class=\"elementor-container elementor-column-gap-default\">\n\t\t\t\t\t<div class=\"elementor-column elementor-col-100 elementor-top-column elementor-element elementor-element-e97c010\" data-id=\"e97c010\" data-element_type=\"column\" data-e-type=\"column\">\n\t\t\t<div class=\"elementor-widget-wrap elementor-element-populated\">\n\t\t\t\t\t\t<div class=\"elementor-element elementor-element-82574f4 elementor-widget elementor-widget-spacer\" data-id=\"82574f4\" data-element_type=\"widget\" data-e-type=\"widget\" data-widget_type=\"spacer.default\">\n\t\t\t\t<div class=\"elementor-widget-container\">\n\t\t\t\t\t\t\t<div class=\"elementor-spacer\">\n\t\t\t<div class=\"elementor-spacer-inner\"><\/div>\n\t\t<\/div>\n\t\t\t\t\t\t<\/div>\n\t\t\t\t<\/div>\n\t\t\t\t<div class=\"elementor-element elementor-element-4026b33 elementor-widget elementor-widget-heading\" data-id=\"4026b33\" data-element_type=\"widget\" data-e-type=\"widget\" data-widget_type=\"heading.default\">\n\t\t\t\t<div class=\"elementor-widget-container\">\n\t\t\t\t\t<h3 class=\"elementor-heading-title elementor-size-default\">\ud83d\udc47Article d'Alkarama dat\u00e9 du 19 mars 2018\ud83d\udc47\n\n<\/h3>\t\t\t\t<\/div>\n\t\t\t\t<\/div>\n\t\t\t\t\t<\/div>\n\t\t<\/div>\n\t\t\t\t\t<\/div>\n\t\t<\/section>\n\t\t\t\t<section class=\"elementor-section elementor-top-section elementor-element elementor-element-a182e2f elementor-section-boxed elementor-section-height-default elementor-section-height-default\" data-id=\"a182e2f\" data-element_type=\"section\" data-e-type=\"section\">\n\t\t\t\t\t\t<div class=\"elementor-container elementor-column-gap-default\">\n\t\t\t\t\t<div class=\"elementor-column elementor-col-100 elementor-top-column elementor-element elementor-element-87de1a5\" data-id=\"87de1a5\" data-element_type=\"column\" data-e-type=\"column\">\n\t\t\t<div class=\"elementor-widget-wrap elementor-element-populated\">\n\t\t\t\t\t\t<div class=\"elementor-element elementor-element-d08f53b elementor-widget elementor-widget-spacer\" data-id=\"d08f53b\" data-element_type=\"widget\" data-e-type=\"widget\" data-widget_type=\"spacer.default\">\n\t\t\t\t<div class=\"elementor-widget-container\">\n\t\t\t\t\t\t\t<div class=\"elementor-spacer\">\n\t\t\t<div class=\"elementor-spacer-inner\"><\/div>\n\t\t<\/div>\n\t\t\t\t\t\t<\/div>\n\t\t\t\t<\/div>\n\t\t\t\t<div class=\"elementor-element elementor-element-0847e85 elementor-widget elementor-widget-heading\" data-id=\"0847e85\" data-element_type=\"widget\" data-e-type=\"widget\" data-widget_type=\"heading.default\">\n\t\t\t\t<div class=\"elementor-widget-container\">\n\t\t\t\t\t<h3 class=\"elementor-heading-title elementor-size-default\">L'article est en anglais.<\/h3>\t\t\t\t<\/div>\n\t\t\t\t<\/div>\n\t\t\t\t<div class=\"elementor-element elementor-element-63cec29 elementor-align-center elementor-widget elementor-widget-button\" data-id=\"63cec29\" data-element_type=\"widget\" data-e-type=\"widget\" data-widget_type=\"button.default\">\n\t\t\t\t<div class=\"elementor-widget-container\">\n\t\t\t\t\t\t\t\t\t<div class=\"elementor-button-wrapper\">\n\t\t\t\t\t<a class=\"elementor-button elementor-button-link elementor-size-sm\" href=\"https:\/\/www.alkarama.org\/en\/articles\/morocco-threatened-extradition-egypt-journalist-hany-khater-begins-hunger-strike-protest\">\n\t\t\t\t\t\t<span class=\"elementor-button-content-wrapper\">\n\t\t\t\t\t\t\t\t\t<span class=\"elementor-button-text\">Cliquez ici.<\/span>\n\t\t\t\t\t<\/span>\n\t\t\t\t\t<\/a>\n\t\t\t\t<\/div>\n\t\t\t\t\t\t\t\t<\/div>\n\t\t\t\t<\/div>\n\t\t\t\t\t<\/div>\n\t\t<\/div>\n\t\t\t\t\t<\/div>\n\t\t<\/section>\n\t\t\t\t<section class=\"elementor-section elementor-top-section elementor-element elementor-element-97278e1 elementor-section-boxed elementor-section-height-default elementor-section-height-default\" data-id=\"97278e1\" data-element_type=\"section\" data-e-type=\"section\">\n\t\t\t\t\t\t<div class=\"elementor-container elementor-column-gap-default\">\n\t\t\t\t\t<div class=\"elementor-column elementor-col-100 elementor-top-column elementor-element elementor-element-0c6f8a7\" data-id=\"0c6f8a7\" data-element_type=\"column\" data-e-type=\"column\">\n\t\t\t<div class=\"elementor-widget-wrap elementor-element-populated\">\n\t\t\t\t\t\t<div class=\"elementor-element elementor-element-b1a8ae5 elementor-widget elementor-widget-spacer\" data-id=\"b1a8ae5\" data-element_type=\"widget\" data-e-type=\"widget\" data-widget_type=\"spacer.default\">\n\t\t\t\t<div class=\"elementor-widget-container\">\n\t\t\t\t\t\t\t<div class=\"elementor-spacer\">\n\t\t\t<div class=\"elementor-spacer-inner\"><\/div>\n\t\t<\/div>\n\t\t\t\t\t\t<\/div>\n\t\t\t\t<\/div>\n\t\t\t\t<div class=\"elementor-element elementor-element-d5b45cd elementor-widget elementor-widget-heading\" data-id=\"d5b45cd\" data-element_type=\"widget\" data-e-type=\"widget\" data-widget_type=\"heading.default\">\n\t\t\t\t<div class=\"elementor-widget-container\">\n\t\t\t\t\t<h3 class=\"elementor-heading-title elementor-size-default\">L'article est en fran\u00e7ais.<\/h3>\t\t\t\t<\/div>\n\t\t\t\t<\/div>\n\t\t\t\t<div class=\"elementor-element elementor-element-6ef06c3 elementor-align-center elementor-widget elementor-widget-button\" data-id=\"6ef06c3\" data-element_type=\"widget\" data-e-type=\"widget\" data-widget_type=\"button.default\">\n\t\t\t\t<div class=\"elementor-widget-container\">\n\t\t\t\t\t\t\t\t\t<div class=\"elementor-button-wrapper\">\n\t\t\t\t\t<a class=\"elementor-button elementor-button-link elementor-size-sm\" href=\"https:\/\/www.alkarama.org\/fr\/articles\/maroc-menace-dextradition-vers-legypte-hany-khater-entame-une-greve-de-la-faim-illimitee\">\n\t\t\t\t\t\t<span class=\"elementor-button-content-wrapper\">\n\t\t\t\t\t\t\t\t\t<span class=\"elementor-button-text\">Cliquez ici.<\/span>\n\t\t\t\t\t<\/span>\n\t\t\t\t\t<\/a>\n\t\t\t\t<\/div>\n\t\t\t\t\t\t\t\t<\/div>\n\t\t\t\t<\/div>\n\t\t\t\t\t<\/div>\n\t\t<\/div>\n\t\t\t\t\t<\/div>\n\t\t<\/section>\n\t\t\t\t<\/div>","protected":false},"excerpt":{"rendered":"<p>Al-Karama Foundation for Human Rights is a non-governmental organization based in Geneva, Switzerland, founded in 2004. The foundation aims to promote and protect human rights in Arab countries, with a particular focus on issues of social justice and human dignity. Objectives of the Foundation: Defending Human Rights: The foundation works to monitor human rights violations [&hellip;]<\/p>\n","protected":false},"author":2,"featured_media":1009,"parent":0,"menu_order":0,"comment_status":"closed","ping_status":"closed","template":"","meta":{"om_disable_all_campaigns":false,"_monsterinsights_skip_tracking":false,"_monsterinsights_sitenote_active":false,"_monsterinsights_sitenote_note":"","_monsterinsights_sitenote_category":0,"footnotes":""},"class_list":["post-242","page","type-page","status-publish","has-post-thumbnail","hentry"],"aioseo_notices":[],"jetpack_sharing_enabled":true,"_links":{"self":[{"href":"https:\/\/hanykhater.me\/fr\/wp-json\/wp\/v2\/pages\/242","targetHints":{"allow":["GET"]}}],"collection":[{"href":"https:\/\/hanykhater.me\/fr\/wp-json\/wp\/v2\/pages"}],"about":[{"href":"https:\/\/hanykhater.me\/fr\/wp-json\/wp\/v2\/types\/page"}],"author":[{"embeddable":true,"href":"https:\/\/hanykhater.me\/fr\/wp-json\/wp\/v2\/users\/2"}],"replies":[{"embeddable":true,"href":"https:\/\/hanykhater.me\/fr\/wp-json\/wp\/v2\/comments?post=242"}],"version-history":[{"count":54,"href":"https:\/\/hanykhater.me\/fr\/wp-json\/wp\/v2\/pages\/242\/revisions"}],"predecessor-version":[{"id":1293,"href":"https:\/\/hanykhater.me\/fr\/wp-json\/wp\/v2\/pages\/242\/revisions\/1293"}],"wp:featuredmedia":[{"embeddable":true,"href":"https:\/\/hanykhater.me\/fr\/wp-json\/wp\/v2\/media\/1009"}],"wp:attachment":[{"href":"https:\/\/hanykhater.me\/fr\/wp-json\/wp\/v2\/media?parent=242"}],"curies":[{"name":"wp","href":"https:\/\/api.w.org\/{rel}","templated":true}]}}