{"id":1650,"date":"2025-10-27T15:56:46","date_gmt":"2025-10-27T19:56:46","guid":{"rendered":"https:\/\/hanykhater.me\/?page_id=1650"},"modified":"2025-11-20T15:46:17","modified_gmt":"2025-11-20T20:46:17","slug":"submission-of-letters-to-the-bailiffs-office-for-transmission-to-the-moroccan-embassy","status":"publish","type":"page","link":"https:\/\/hanykhater.me\/fr\/submission-of-letters-to-the-bailiffs-office-for-transmission-to-the-moroccan-embassy\/","title":{"rendered":"D\u00e9p\u00f4t des lettres aupr\u00e8s du service des huissiers pour transmission \u00e0 l\u2019ambassade du Maroc"},"content":{"rendered":"\t\t<div data-elementor-type=\"wp-page\" data-elementor-id=\"1650\" class=\"elementor elementor-1650\">\n\t\t\t\t\t\t<section class=\"elementor-section elementor-top-section elementor-element elementor-element-34878267 elementor-section-boxed elementor-section-height-default elementor-section-height-default\" data-id=\"34878267\" data-element_type=\"section\" data-e-type=\"section\">\n\t\t\t\t\t\t<div class=\"elementor-container elementor-column-gap-default\">\n\t\t\t\t\t<div class=\"elementor-column elementor-col-100 elementor-top-column elementor-element elementor-element-6325e0fb\" data-id=\"6325e0fb\" data-element_type=\"column\" data-e-type=\"column\">\n\t\t\t<div class=\"elementor-widget-wrap elementor-element-populated\">\n\t\t\t\t\t\t<div class=\"elementor-element elementor-element-322fe709 elementor-widget elementor-widget-text-editor\" data-id=\"322fe709\" data-element_type=\"widget\" data-e-type=\"widget\" data-widget_type=\"text-editor.default\">\n\t\t\t\t<div class=\"elementor-widget-container\">\n\t\t\t\t\t\t\t\t\t<p dir=\"ltr\" style=\"direction: ltr; text-align: left;\"><span style=\"color: #000000;\">These documents record the ongoing legal procedures related to the submission of letters to the <strong data-start=\"199\" data-end=\"233\">bailiffs\u2019 office in Sherbrooke<\/strong>, in preparation for their official transmission to the Moroccan Embassy in Canada, within the framework of established legal protocols to ensure the reliable and proper delivery of the documents.<\/span><\/p><p dir=\"ltr\" style=\"direction: ltr; text-align: left;\"><span style=\"color: #000000;\"><strong data-start=\"432\" data-end=\"496\">Complete copies of all official correspondences are attached<\/strong>, which were directed to:<\/span><\/p><ul dir=\"ltr\" style=\"text-align: left;\" data-start=\"525\" data-end=\"697\"><li data-start=\"525\" data-end=\"559\"><p style=\"direction: ltr; text-align: left;\" data-start=\"527\" data-end=\"559\"><span style=\"color: #000000;\">The Prime Minister of Morocco.<\/span><\/p><\/li><li style=\"text-align: left;\" data-start=\"560\" data-end=\"607\"><p data-pm-slice=\"1 1 []\"><span style=\"color: #000000;\">Ministry of Foreign Affairs, African Cooperation and Moroccan Expatriates.<\/span><\/p><\/li><li style=\"text-align: left;\" data-start=\"608\" data-end=\"647\"><p style=\"direction: ltr;\" data-start=\"610\" data-end=\"647\"><span style=\"color: #000000;\">The Ministry of Justice of Morocco.<\/span><\/p><\/li><li data-start=\"648\" data-end=\"697\"><p style=\"direction: ltr; text-align: left;\" data-start=\"650\" data-end=\"697\"><span style=\"color: #000000;\">The National Human Rights Council of Morocco.<\/span><\/p><\/li><\/ul><p dir=\"ltr\" style=\"direction: ltr; text-align: left;\" data-start=\"699\" data-end=\"977\"><span style=\"color: #000000;\">This serves to document all legal actions taken, ensure meticulous monitoring of legal rights and interests, fully comply with official procedures stipulated by law, and provide a comprehensive official record of all correspondences and legal steps undertaken in this context.<\/span><\/p>\t\t\t\t\t\t\t\t<\/div>\n\t\t\t\t<\/div>\n\t\t\t\t\t<\/div>\n\t\t<\/div>\n\t\t\t\t\t<\/div>\n\t\t<\/section>\n\t\t\t\t<section class=\"elementor-section elementor-top-section elementor-element elementor-element-00828b8 elementor-section-boxed elementor-section-height-default elementor-section-height-default\" data-id=\"00828b8\" data-element_type=\"section\" data-e-type=\"section\">\n\t\t\t\t\t\t<div class=\"elementor-container elementor-column-gap-default\">\n\t\t\t\t\t<div class=\"elementor-column elementor-col-100 elementor-top-column elementor-element elementor-element-f584dc9\" data-id=\"f584dc9\" data-element_type=\"column\" data-e-type=\"column\">\n\t\t\t<div class=\"elementor-widget-wrap elementor-element-populated\">\n\t\t\t\t\t\t<div class=\"elementor-element elementor-element-26d2d99 elementor-widget elementor-widget-heading\" data-id=\"26d2d99\" data-element_type=\"widget\" data-e-type=\"widget\" data-widget_type=\"heading.default\">\n\t\t\t\t<div class=\"elementor-widget-container\">\n\t\t\t\t\t<h2 class=\"elementor-heading-title elementor-size-default\">As is customary on the Moroccan side, the disclosure of the recipient\u2019s identity was initially refused, and the delivery was rejected.<\/h2>\t\t\t\t<\/div>\n\t\t\t\t<\/div>\n\t\t\t\t<div class=\"elementor-element elementor-element-ea72a43 elementor-widget elementor-widget-heading\" data-id=\"ea72a43\" data-element_type=\"widget\" data-e-type=\"widget\" data-widget_type=\"heading.default\">\n\t\t\t\t<div class=\"elementor-widget-container\">\n\t\t\t\t\t<h2 class=\"elementor-heading-title elementor-size-default\">In accordance with Canadian law, an official copy of the documents was deposited at the consulate, and therefore the receipt is considered officially completed.<\/h2>\t\t\t\t<\/div>\n\t\t\t\t<\/div>\n\t\t\t\t\t<\/div>\n\t\t<\/div>\n\t\t\t\t\t<\/div>\n\t\t<\/section>\n\t\t\t\t<section class=\"elementor-section elementor-top-section elementor-element elementor-element-5e3983a elementor-section-boxed elementor-section-height-default elementor-section-height-default\" data-id=\"5e3983a\" data-element_type=\"section\" data-e-type=\"section\">\n\t\t\t\t\t\t<div class=\"elementor-container elementor-column-gap-default\">\n\t\t\t\t\t<div class=\"elementor-column elementor-col-50 elementor-top-column elementor-element elementor-element-ee6d5e0\" data-id=\"ee6d5e0\" data-element_type=\"column\" data-e-type=\"column\">\n\t\t\t<div class=\"elementor-widget-wrap elementor-element-populated\">\n\t\t\t\t\t\t<div class=\"elementor-element elementor-element-bb7f620 elementor-widget elementor-widget-image\" data-id=\"bb7f620\" data-element_type=\"widget\" data-e-type=\"widget\" data-widget_type=\"image.default\">\n\t\t\t\t<div class=\"elementor-widget-container\">\n\t\t\t\t\t\t\t\t\t\t\t\t\t\t\t<img fetchpriority=\"high\" decoding=\"async\" width=\"789\" height=\"1024\" src=\"https:\/\/hanykhater.me\/wp-content\/uploads\/2025\/11\/\u0627\u0639\u0644\u0627\u06462-789x1024.jpg\" class=\"attachment-large size-large wp-image-2142\" alt=\"\" srcset=\"https:\/\/hanykhater.me\/wp-content\/uploads\/2025\/11\/\u0627\u0639\u0644\u0627\u06462-789x1024.jpg 789w, https:\/\/hanykhater.me\/wp-content\/uploads\/2025\/11\/\u0627\u0639\u0644\u0627\u06462-231x300.jpg 231w, https:\/\/hanykhater.me\/wp-content\/uploads\/2025\/11\/\u0627\u0639\u0644\u0627\u06462-768x997.jpg 768w, https:\/\/hanykhater.me\/wp-content\/uploads\/2025\/11\/\u0627\u0639\u0644\u0627\u06462-1184x1536.jpg 1184w, https:\/\/hanykhater.me\/wp-content\/uploads\/2025\/11\/\u0627\u0639\u0644\u0627\u06462-1578x2048.jpg 1578w, https:\/\/hanykhater.me\/wp-content\/uploads\/2025\/11\/\u0627\u0639\u0644\u0627\u06462-9x12.jpg 9w, https:\/\/hanykhater.me\/wp-content\/uploads\/2025\/11\/\u0627\u0639\u0644\u0627\u06462-300x389.jpg 300w, https:\/\/hanykhater.me\/wp-content\/uploads\/2025\/11\/\u0627\u0639\u0644\u0627\u06462-600x779.jpg 600w, https:\/\/hanykhater.me\/wp-content\/uploads\/2025\/11\/\u0627\u0639\u0644\u0627\u06462-scaled.jpg 1973w\" sizes=\"(max-width: 789px) 100vw, 789px\" \/>\t\t\t\t\t\t\t\t\t\t\t\t\t\t\t<\/div>\n\t\t\t\t<\/div>\n\t\t\t\t\t<\/div>\n\t\t<\/div>\n\t\t\t\t<div class=\"elementor-column elementor-col-50 elementor-top-column elementor-element elementor-element-24e0efb\" data-id=\"24e0efb\" data-element_type=\"column\" data-e-type=\"column\">\n\t\t\t<div class=\"elementor-widget-wrap elementor-element-populated\">\n\t\t\t\t\t\t<div class=\"elementor-element elementor-element-65b65f4 elementor-widget elementor-widget-image\" data-id=\"65b65f4\" data-element_type=\"widget\" data-e-type=\"widget\" data-widget_type=\"image.default\">\n\t\t\t\t<div class=\"elementor-widget-container\">\n\t\t\t\t\t\t\t\t\t\t\t\t\t\t\t<img decoding=\"async\" width=\"788\" height=\"1024\" src=\"https:\/\/hanykhater.me\/wp-content\/uploads\/2025\/11\/\u0627\u0639\u0644\u0627\u06461-788x1024.jpg\" class=\"attachment-large size-large wp-image-2141\" alt=\"\" srcset=\"https:\/\/hanykhater.me\/wp-content\/uploads\/2025\/11\/\u0627\u0639\u0644\u0627\u06461-788x1024.jpg 788w, https:\/\/hanykhater.me\/wp-content\/uploads\/2025\/11\/\u0627\u0639\u0644\u0627\u06461-231x300.jpg 231w, https:\/\/hanykhater.me\/wp-content\/uploads\/2025\/11\/\u0627\u0639\u0644\u0627\u06461-768x998.jpg 768w, https:\/\/hanykhater.me\/wp-content\/uploads\/2025\/11\/\u0627\u0639\u0644\u0627\u06461-1182x1536.jpg 1182w, https:\/\/hanykhater.me\/wp-content\/uploads\/2025\/11\/\u0627\u0639\u0644\u0627\u06461-1576x2048.jpg 1576w, https:\/\/hanykhater.me\/wp-content\/uploads\/2025\/11\/\u0627\u0639\u0644\u0627\u06461-9x12.jpg 9w, https:\/\/hanykhater.me\/wp-content\/uploads\/2025\/11\/\u0627\u0639\u0644\u0627\u06461-300x390.jpg 300w, https:\/\/hanykhater.me\/wp-content\/uploads\/2025\/11\/\u0627\u0639\u0644\u0627\u06461-600x780.jpg 600w, https:\/\/hanykhater.me\/wp-content\/uploads\/2025\/11\/\u0627\u0639\u0644\u0627\u06461-scaled.jpg 1970w\" sizes=\"(max-width: 788px) 100vw, 788px\" \/>\t\t\t\t\t\t\t\t\t\t\t\t\t\t\t<\/div>\n\t\t\t\t<\/div>\n\t\t\t\t\t<\/div>\n\t\t<\/div>\n\t\t\t\t\t<\/div>\n\t\t<\/section>\n\t\t\t\t<section class=\"elementor-section elementor-top-section elementor-element elementor-element-d5ce246 elementor-section-boxed elementor-section-height-default elementor-section-height-default\" data-id=\"d5ce246\" data-element_type=\"section\" data-e-type=\"section\">\n\t\t\t\t\t\t<div class=\"elementor-container elementor-column-gap-default\">\n\t\t\t\t\t<div class=\"elementor-column elementor-col-100 elementor-top-column elementor-element elementor-element-a807e66\" data-id=\"a807e66\" data-element_type=\"column\" data-e-type=\"column\">\n\t\t\t<div class=\"elementor-widget-wrap elementor-element-populated\">\n\t\t\t\t\t\t<div class=\"elementor-element elementor-element-225438b elementor-widget elementor-widget-html\" data-id=\"225438b\" data-element_type=\"widget\" data-e-type=\"widget\" data-widget_type=\"html.default\">\n\t\t\t\t<div class=\"elementor-widget-container\">\n\t\t\t\t\t<!DOCTYPE html>\r\n<html lang=\"en\">\r\n<head>\r\n<meta charset=\"UTF-8\">\r\n<title>Responsive PDF Viewer<\/title>\r\n<meta name=\"viewport\" content=\"width=device-width, initial-scale=1.0\">\r\n<style>\r\nbody { margin:0; font-family: Arial, sans-serif; background:#f5f7fa; }\r\n#pdf-wrapper { display:flex; height:100vh; }\r\n\r\n\/* \u0627\u0644\u0634\u0631\u064a\u0637 \u0627\u0644\u062c\u0627\u0646\u0628\u064a *\/\r\n#pdf-sidebar { \r\n  width:200px; \r\n  background:#001b54; \r\n  color:white; \r\n  padding:10px; \r\n  box-sizing:border-box; \r\n  display:flex; \r\n  flex-direction:column; \r\n  align-items:center;\r\n  gap:10px; \r\n  flex-shrink:0;\r\n  overflow-y:auto;\r\n}\r\n.pdf-item { \r\n  padding:10px; \r\n  border-radius:6px; \r\n  cursor:pointer; \r\n  transition: all 0.3s; \r\n  text-align:center; \r\n  width:100%;\r\n  font-size:14px;\r\n  background: #001b54;\r\n  border: 1px solid #ccc; \r\n  word-wrap: break-word;\r\n  white-space: normal;\r\n}\r\n.pdf-item:hover { \r\n  background:#f45c00; \r\n  border-color: #f45c00;\r\n}\r\n.pdf-item.active { \r\n  background:#f45c00; \r\n  border-color:#f45c00; \r\n}\r\n\r\n\/* \u0639\u0631\u0636 PDF *\/\r\n#pdf-container { flex:1; overflow:auto; display:flex; flex-direction:column; align-items:center; justify-content:flex-start; background:#000; padding:10px; }\r\n.pdf-box {\r\n  background: #fff;\r\n  padding:10px;\r\n  border-radius:8px;\r\n  margin-bottom:15px;\r\n  box-shadow: 0 4px 10px rgba(0,0,0,0.3);\r\n  width:90%;\r\n  max-height:80vh;\r\n  overflow:auto;\r\n}\r\n.pdf-title {\r\n  font-weight:bold;\r\n  margin-bottom:10px;\r\n  text-align:center;\r\n  font-size:16px;\r\n}\r\ncanvas { max-width:100%; height:auto; display:block; margin-bottom:10px; }\r\n\r\n\/* \u0627\u0644\u0647\u0627\u062a\u0641 *\/\r\n@media (max-width: 768px) {\r\n  #pdf-wrapper { flex-direction:column; height:auto; }\r\n  #pdf-sidebar { width:100%; display:flex; flex-wrap:wrap; justify-content:center; }\r\n  .pdf-item { width:auto; margin:5px; font-size:13px; }\r\n\r\n  \/* \u0623\u0643\u0628\u0631 \u0639\u0631\u0636 \u0645\u0645\u0643\u0646 \u0648\u062a\u0642\u0644\u064a\u0644 \u0627\u0644\u0637\u0648\u0644 \u0625\u0644\u0649 40% *\/\r\n  .pdf-box { \r\n    width:100%; \r\n    max-height:40vh; \r\n    overflow-y:auto; \r\n    border-radius:12px; \r\n    padding:0; \r\n    margin:0; \/* \u0625\u0632\u0627\u0644\u0629 \u0623\u064a \u0645\u0633\u0627\u0641\u0629 \u0628\u064a\u0636\u0627\u0621 *\/\r\n  }\r\n  .pdf-box canvas { \r\n    width:100% !important; \r\n    height:40vh !important; \r\n    display:block; \r\n    margin-bottom:0; \r\n  }\r\n}\r\n<\/style>\r\n<script src=\"https:\/\/cdnjs.cloudflare.com\/ajax\/libs\/pdf.js\/3.11.174\/pdf.min.js\"><\/script>\r\n<\/head>\r\n<body>\r\n\r\n<div id=\"pdf-wrapper\">\r\n  <div id=\"pdf-sidebar\">\r\n    <div class=\"pdf-item active\" data-src=\"pdf1\">Embassy of Morocco<\/div>\r\n    <div class=\"pdf-item\" data-src=\"pdf2\">Decision FR<\/div>\r\n    <div class=\"pdf-item\" data-src=\"pdf3\">Prime Minister<\/div>\r\n    <div class=\"pdf-item\" data-src=\"pdf4\">Minister of Foreign Affairs<\/div>\r\n    <div class=\"pdf-item\" data-src=\"pdf5\">Minister of Justice<\/div>\r\n    <div class=\"pdf-item\" data-src=\"pdf6\">National Human Rights Council<\/div>\r\n  <\/div>\r\n\r\n  <div id=\"pdf-container\"><\/div>\r\n<\/div>\r\n\r\n<script>\r\nconst fileMap = {\r\n  pdf1: \"https:\/\/hanykhater.me\/wp-content\/uploads\/2025\/10\/Ambassade-du-Royaume-du-Maroc-au-Canada.pdf\",\r\n  pdf2: \"https:\/\/hanykhater.me\/wp-content\/uploads\/2024\/10\/\u0642\u0631\u0627\u0631-fr-.pdf\",\r\n  pdf3: \"https:\/\/hanykhater.me\/wp-content\/uploads\/2025\/10\/Chef-du-Gouvernement.pdf\",\r\n  pdf4: \"https:\/\/hanykhater.me\/wp-content\/uploads\/2025\/10\/Ministre-des-Affaires-etrangeres-de-la-Cooperation-africaine-et-des-Marocains-residant-a-letranger.pdf\",\r\n  pdf5: \"https:\/\/hanykhater.me\/wp-content\/uploads\/2025\/10\/Ministre-de-la-Justice.pdf\",\r\n  pdf6: \"https:\/\/hanykhater.me\/wp-content\/uploads\/2025\/10\/Le-Conseil-National-des-Droits-de-lHomme.pdf\"\r\n};\r\n\r\nconst pdfjsLib = window['pdfjs-dist\/build\/pdf'];\r\npdfjsLib.GlobalWorkerOptions.workerSrc = 'https:\/\/cdnjs.cloudflare.com\/ajax\/libs\/pdf.js\/3.11.174\/pdf.worker.min.js';\r\n\r\nconst container = document.getElementById('pdf-container');\r\nconst items = document.querySelectorAll('.pdf-item');\r\nlet scale = 1.2;\r\n\r\nfunction isMobile() {\r\n  return window.innerWidth <= 768;\r\n}\r\n\r\n\/\/ \u0639\u0631\u0636 PDF \u0635\u0641\u062d\u0629 \u0635\u0641\u062d\u0629\r\nfunction displayPDF(url, title, parentElement) {\r\n  const allBoxes = document.querySelectorAll('.pdf-box');\r\n  allBoxes.forEach(box => box.remove());\r\n\r\n  const box = document.createElement('div');\r\n  box.className = 'pdf-box';\r\n\r\n  const pdfTitle = document.createElement('div');\r\n  pdfTitle.className = 'pdf-title';\r\n  pdfTitle.textContent = title;\r\n  box.appendChild(pdfTitle);\r\n\r\n  parentElement.appendChild(box);\r\n\r\n  pdfjsLib.getDocument(url).promise.then(pdfDoc => {\r\n    for(let pageNum = 1; pageNum <= pdfDoc.numPages; pageNum++){\r\n      pdfDoc.getPage(pageNum).then(page => {\r\n        const viewport = page.getViewport({ scale: scale });\r\n\r\n        const canvas = document.createElement('canvas');\r\n        const ctx = canvas.getContext('2d');\r\n        canvas.width = viewport.width;\r\n        canvas.height = viewport.height;\r\n\r\n        box.appendChild(canvas);\r\n        page.render({ canvasContext: ctx, viewport: viewport });\r\n      });\r\n    }\r\n  });\r\n}\r\n\r\n\/\/ \u0639\u0631\u0636 \u0627\u0644\u0645\u0644\u0641 \u0627\u0644\u0623\u0648\u0644 \u062a\u0644\u0642\u0627\u0626\u064a\u064b\u0627 \u0639\u0644\u0649 \u0627\u0644\u0643\u0645\u0628\u064a\u0648\u062a\u0631\r\nif(!isMobile()){\r\n  displayPDF(fileMap['pdf1'], 'Embassy of Morocco', container);\r\n}\r\n\r\nitems.forEach(item => {\r\n  item.addEventListener('click', () => {\r\n    items.forEach(i => i.classList.remove('active'));\r\n    item.classList.add('active');\r\n\r\n    if(isMobile()){\r\n      \/\/ \u0625\u0632\u0627\u0644\u0629 \u0623\u064a \u0645\u0644\u0641 \u0642\u062f\u064a\u0645 \u0639\u0644\u0649 \u0627\u0644\u0645\u0648\u0628\u0627\u064a\u0644\r\n      const oldMobileBox = document.getElementById('mobile-pdf-container');\r\n      if(oldMobileBox) oldMobileBox.remove();\r\n\r\n      \/\/ \u0625\u0646\u0634\u0627\u0621 \u062d\u0627\u0648\u064a\u0629 \u062c\u062f\u064a\u062f\u0629 \u0645\u0628\u0627\u0634\u0631\u0629 \u0628\u0639\u062f \u0627\u0644\u0627\u0633\u0645\r\n      const mobileBox = document.createElement('div');\r\n      mobileBox.id = 'mobile-pdf-container';\r\n      mobileBox.style.width = '100%';\r\n      mobileBox.style.maxHeight = '40vh';\r\n      mobileBox.style.overflow = 'auto';\r\n      mobileBox.style.margin = '0';\r\n\r\n      \/\/ \u0625\u0636\u0627\u0641\u0629 \u0627\u0644\u0639\u0646\u0648\u0627\u0646 \u0645\u0628\u0627\u0634\u0631\u0629 \u062f\u0627\u062e\u0644 \u0627\u0644\u062d\u0627\u0648\u064a\u0629\r\n      const mobileTitle = document.createElement('div');\r\n      mobileTitle.className = 'pdf-title';\r\n      mobileTitle.textContent = item.textContent;\r\n      mobileBox.appendChild(mobileTitle);\r\n\r\n      \/\/ \u0625\u062f\u0631\u0627\u062c \u0627\u0644\u062d\u0627\u0648\u064a\u0629 \u0628\u0639\u062f \u0627\u0644\u0627\u0633\u0645 \u0645\u0628\u0627\u0634\u0631\u0629\r\n      item.insertAdjacentElement('afterend', mobileBox);\r\n\r\n      \/\/ \u0639\u0631\u0636 PDF \u062f\u0627\u062e\u0644 \u0627\u0644\u062d\u0627\u0648\u064a\u0629 \u0628\u062f\u0648\u0646 \u0639\u0646\u0648\u0627\u0646 \u0625\u0636\u0627\u0641\u064a\r\n      displayPDF(fileMap[item.getAttribute('data-src')], '', mobileBox);\r\n    } else {\r\n      \/\/ \u0627\u0644\u0643\u0645\u0628\u064a\u0648\u062a\u0631: \u0639\u0631\u0636 \u0627\u0644\u0645\u0644\u0641 \u0641\u064a \u0627\u0644\u062d\u0627\u0648\u064a\u0629 \u0627\u0644\u0631\u0626\u064a\u0633\u064a\u0629\r\n      displayPDF(fileMap[item.getAttribute('data-src')], item.textContent, container);\r\n    }\r\n  });\r\n});\r\n<\/script>\r\n\r\n<\/body>\r\n<\/html>\r\n\t\t\t\t<\/div>\n\t\t\t\t<\/div>\n\t\t\t\t\t<\/div>\n\t\t<\/div>\n\t\t\t\t\t<\/div>\n\t\t<\/section>\n\t\t\t\t<\/div>\n\t\t","protected":false},"excerpt":{"rendered":"<p>These documents record the ongoing legal procedures related to the submission of letters to the bailiffs\u2019 office in Sherbrooke, in preparation for their official transmission to the Moroccan Embassy in Canada, within the framework of established legal protocols to ensure the reliable and proper delivery of the documents. Complete copies of all official correspondences are [&hellip;]<\/p>\n","protected":false},"author":2,"featured_media":0,"parent":0,"menu_order":0,"comment_status":"closed","ping_status":"closed","template":"","meta":{"om_disable_all_campaigns":false,"_monsterinsights_skip_tracking":false,"_monsterinsights_sitenote_active":false,"_monsterinsights_sitenote_note":"","_monsterinsights_sitenote_category":0,"footnotes":""},"class_list":["post-1650","page","type-page","status-publish","hentry"],"aioseo_notices":[],"jetpack_sharing_enabled":true,"_links":{"self":[{"href":"https:\/\/hanykhater.me\/fr\/wp-json\/wp\/v2\/pages\/1650","targetHints":{"allow":["GET"]}}],"collection":[{"href":"https:\/\/hanykhater.me\/fr\/wp-json\/wp\/v2\/pages"}],"about":[{"href":"https:\/\/hanykhater.me\/fr\/wp-json\/wp\/v2\/types\/page"}],"author":[{"embeddable":true,"href":"https:\/\/hanykhater.me\/fr\/wp-json\/wp\/v2\/users\/2"}],"replies":[{"embeddable":true,"href":"https:\/\/hanykhater.me\/fr\/wp-json\/wp\/v2\/comments?post=1650"}],"version-history":[{"count":163,"href":"https:\/\/hanykhater.me\/fr\/wp-json\/wp\/v2\/pages\/1650\/revisions"}],"predecessor-version":[{"id":2451,"href":"https:\/\/hanykhater.me\/fr\/wp-json\/wp\/v2\/pages\/1650\/revisions\/2451"}],"wp:attachment":[{"href":"https:\/\/hanykhater.me\/fr\/wp-json\/wp\/v2\/media?parent=1650"}],"curies":[{"name":"wp","href":"https:\/\/api.w.org\/{rel}","templated":true}]}}