{"id":1606,"date":"2025-10-24T16:39:10","date_gmt":"2025-10-24T20:39:10","guid":{"rendered":"https:\/\/hanykhater.me\/?page_id=1606"},"modified":"2025-11-16T19:14:18","modified_gmt":"2025-11-17T00:14:18","slug":"procedures-legales-contre-le-maroc","status":"publish","type":"page","link":"https:\/\/hanykhater.me\/fr\/procedures-legales-contre-le-maroc\/","title":{"rendered":"Poursuite des proc\u00e9dures l\u00e9gales contre le Maroc"},"content":{"rendered":"<h3 dir=\"ltr\" style=\"text-align: left;\">Le Maroc et un long bilan de violations des droits humains et de lutte pour la justice<\/h3>\n<p dir=\"ltr\" style=\"text-align: left;\"><span style=\"color: #000000;\">Au fil des d\u00e9cennies, le Maroc a v\u00e9cu sous l\u2019h\u00e9ritage de violations syst\u00e9matiques des droits humains, o\u00f9 les arrestations arbitraires n\u2019\u00e9taient pas des cas isol\u00e9s, mais un mod\u00e8le profond\u00e9ment enracin\u00e9 de r\u00e9pression et d\u2019exploitation judiciaire. Les droits fondamentaux des citoyens et des \u00e9trangers n\u2019\u00e9taient pas garantis, mais expos\u00e9s \u00e0 des violations sous des appellations l\u00e9gales trompeuses.<\/span><\/p>\n<p dir=\"ltr\" style=\"text-align: left;\"><span style=\"color: #000000;\">Des milliers de vies ont souffert de torture, d\u2019un manque de soins m\u00e9dicaux, de poursuites ill\u00e9gales et de harc\u00e8lement constant qui ont d\u00e9form\u00e9 le concept de justice, transformant la loi d\u2019un outil de protection en un instrument d\u2019oppression. M\u00eame lorsque la communaut\u00e9 internationale exigeait transparence et justice, ces politiques ont persist\u00e9, cr\u00e9ant un climat de peur et de d\u00e9tresse psychologique, laissant une empreinte profonde sur la dignit\u00e9 humaine.<\/span><\/p>\n<p dir=\"ltr\" style=\"text-align: left;\"><span style=\"color: #000000;\">Les \u00e9trangers r\u00e9sidant au Maroc n\u2019\u00e9taient pas \u00e0 l\u2019abri de cette r\u00e9alit\u00e9, \u00e9tant soumis aux m\u00eames formes de violations, ce qui refl\u00e8te le m\u00e9pris continu de l\u2019\u00c9tat pour ses obligations l\u00e9gales et \u00e9thiques internationales. Ce long bilan n\u2019est pas simplement un pass\u00e9\u202f; c\u2019est un cri appelant \u00e0 une reddition de comptes stricte et \u00e0 une r\u00e9\u00e9valuation des engagements nationaux et internationaux.<\/span><\/p>\n<h3 dir=\"ltr\" style=\"text-align: left;\">Efforts des d\u00e9fenseurs des droits humains et des citoyens<\/h3>\n<p dir=\"ltr\" style=\"text-align: left;\"><span style=\"color: #000000;\">Face \u00e0 cette r\u00e9alit\u00e9 difficile, les efforts des d\u00e9fenseurs des droits humains et des citoyens se sont distingu\u00e9s, cherchant \u00e0 transformer leur souffrance personnelle en un cri juridique et diplomatique international. Le journaliste international <strong>Hany Khater<\/strong> est devenu un exemple vivant de ce combat, utilisant les cadres juridiques internationaux pour tenir l\u2019\u00c9tat marocain responsable, sur la base des d\u00e9cisions du<\/span> <strong>Comit\u00e9 des Nations Unies contre la torture<\/strong>, <span style=\"color: #000000;\">which confirmed Morocco\u2019s responsibility for violations, including arbitrary detention, torture, and severe medical neglect.<\/span><\/p>\n<p dir=\"ltr\" style=\"text-align: left;\"><span style=\"color: #000000;\">Ses efforts comprenaient des d\u00e9marches pratiques et m\u00e9thodiques au niveau international, notamment :<\/span><\/p>\n<ol dir=\"ltr\" style=\"text-align: left;\">\n<li><span style=\"color: #000000;\"><strong>Escalade aupr\u00e8s des institutions internationales :<\/strong> porter l\u2019affaire devant le Comit\u00e9 des Nations Unies contre la torture pour suivre l\u2019ex\u00e9cution de la d\u00e9cision internationale CAT\/C\/68\/D\/782\/2016 et garantir le respect par le Maroc de ses obligations internationales.<\/span><\/li>\n<li><span style=\"color: #000000;\"><strong>Correspondances officielles et diplomatiques :<\/strong> envoyer des lettres \u00e0 l\u2019ambassade du Maroc au Canada pour encourager la mise en \u0153uvre de la d\u00e9cision.<\/span><\/li>\n<li><span style=\"color: #000000;\"><strong>Collaboration avec les institutions de d\u00e9fense des droits humains :<\/strong> correspondre avec la Fondation Dignit\u00e9 pour les droits humains \u00e0 Gen\u00e8ve afin de renforcer l\u2019affaire et d\u2019assurer une pression internationale sur l\u2019\u00c9tat marocain.<\/span><\/li>\n<li><span style=\"color: #000000;\"><strong>Pression politique et diplomatique :<\/strong> impliquer les d\u00e9put\u00e9s et les repr\u00e9sentants diplomatiques canadiens pour renforcer la surveillance internationale et ouvrir des canaux officiels de soutien afin de parvenir \u00e0 la justice.<\/span><\/li>\n<li><span style=\"color: #000000;\"><strong>Demande de compensation compl\u00e8te :<\/strong> incluant une indemnisation mat\u00e9rielle et morale conform\u00e9ment aux recommandations du comit\u00e9 pour restaurer les droits viol\u00e9s et compenser les dommages psychologiques et physiques.<\/span><\/li>\n<\/ol>\n<p dir=\"ltr\" style=\"text-align: left;\"><span style=\"color: #000000;\">Les exp\u00e9riences ont montr\u00e9 que le Maroc tarde souvent \u00e0 r\u00e9pondre aux institutions internationales, et lorsque des r\u00e9ponses sont fournies, elles sont trompeuses ou fausses, ce qui aggrave la gravit\u00e9 des violations et confirme l\u2019ignorance de l\u2019\u00c9tat de ses obligations internationales.<\/span><\/p>\n<h3 dir=\"ltr\" style=\"text-align: left;\">Exigences d\u2019Hany Khater aupr\u00e8s des institutions internationales pour prendre des mesures contre le Maroc<\/h3>\n<p dir=\"ltr\" style=\"text-align: left;\"><span style=\"color: #000000;\">Hany Khater sought for international institutions to take the following measures:<\/span><\/p>\n<ol dir=\"ltr\" style=\"text-align: left;\">\n<li><span style=\"color: #000000;\"><strong>Emp\u00eacher ou suspendre les aides et subventions internationales :<\/strong> en tant que mesure punitive face \u00e0 la poursuite des violations et au refus de mettre en \u0153uvre les recommandations internationales.<\/span><\/li>\n<li><span style=\"color: #000000;\"><strong>Exiger du gouvernement marocain l\u2019ex\u00e9cution des d\u00e9cisions des Nations Unies :<\/strong> notamment celles des comit\u00e9s tels que le Comit\u00e9 contre la torture, qui documentent les violations et recommandent des r\u00e9formes urgentes ainsi que l\u2019indemnisation des victimes.<\/span><\/li>\n<li><span style=\"color: #000000;\"><strong>Ouvrir des m\u00e9canismes de suivi et de reddition de comptes internationaux :<\/strong> fournir des rapports p\u00e9riodiques aux Nations Unies et aux organisations de d\u00e9fense des droits humains pour suivre la mise en \u0153uvre des recommandations et \u00e9mettre des avertissements officiels.<\/span><\/li>\n<li><span style=\"color: #000000;\"><strong>Imposer une surveillance internationale sur les droits des prisonniers et des d\u00e9tenus :<\/strong> pour garantir la pr\u00e9vention de la torture, la protection de la sant\u00e9 et de la s\u00e9curit\u00e9, et le suivi de la justice l\u00e9gale.<\/span><\/li>\n<li><span style=\"color: #000000;\"><strong>Encourager l\u2019octroi d\u2019indemnisations \u00e9quitables aux victimes :<\/strong> incluant la compensation mat\u00e9rielle et morale, ainsi que la r\u00e9paration des pr\u00e9judices psychologiques et sociaux r\u00e9sultant des violations.<\/span><\/li>\n<li><span style=\"color: #000000;\"><strong>Pression diplomatique et sur les droits humains continue :<\/strong> par la publication de rapports, l\u2019organisation de campagnes de sensibilisation et l\u2019implication de la soci\u00e9t\u00e9 civile internationale pour faire pression sur les autorit\u00e9s marocaines afin de r\u00e9former les politiques existantes.<\/span><\/li>\n<\/ol>\n<p dir=\"ltr\" style=\"text-align: left;\"><span style=\"color: #000000;\">Ces mesures d\u00e9montrent que la communaut\u00e9 internationale dispose d\u2019outils juridiques et diplomatiques pour tenir les \u00c9tats responsables de leurs violations et transformer la souffrance individuelle en un v\u00e9ritable appel \u00e0 la justice.<\/span><\/p>\n<p dir=\"ltr\" style=\"text-align: left;\"><span style=\"color: #000000;\">Les efforts d\u2019Hany Khater sont un exemple vivant de la mani\u00e8re dont l\u2019injustice personnelle peut devenir une affaire internationale et montrent que la lutte contre l\u2019oppression et la n\u00e9gligence ne se limite pas \u00e0 la souffrance individuelle, mais s\u2019\u00e9tend \u00e0 un combat pour la justice et l\u2019\u00e9galit\u00e9 pour toutes les personnes concern\u00e9es.<\/span><\/p>\n<p dir=\"ltr\" style=\"text-align: center;\"><strong><a href=\"https:\/\/hanykhater.me\/fr\/submission-of-letters-to-the-bailiffs-office-for-transmission-to-the-moroccan-embassy\/\">les correspondances officielles<\/a><\/strong><\/p>","protected":false},"excerpt":{"rendered":"<p>Morocco and a Long Record of Human Rights Violations and the Struggle for Justice Over the decades, Morocco has lived under the legacy of systematic human rights violations, where arbitrary arrests were not isolated cases, but a deeply rooted pattern of repression and judicial exploitation. The fundamental rights of citizens and foreigners were not guaranteed, [&hellip;]<\/p>\n","protected":false},"author":2,"featured_media":1608,"parent":0,"menu_order":0,"comment_status":"closed","ping_status":"closed","template":"","meta":{"om_disable_all_campaigns":false,"_monsterinsights_skip_tracking":false,"_monsterinsights_sitenote_active":false,"_monsterinsights_sitenote_note":"","_monsterinsights_sitenote_category":0,"footnotes":""},"class_list":["post-1606","page","type-page","status-publish","has-post-thumbnail","hentry"],"aioseo_notices":[],"jetpack_sharing_enabled":true,"_links":{"self":[{"href":"https:\/\/hanykhater.me\/fr\/wp-json\/wp\/v2\/pages\/1606","targetHints":{"allow":["GET"]}}],"collection":[{"href":"https:\/\/hanykhater.me\/fr\/wp-json\/wp\/v2\/pages"}],"about":[{"href":"https:\/\/hanykhater.me\/fr\/wp-json\/wp\/v2\/types\/page"}],"author":[{"embeddable":true,"href":"https:\/\/hanykhater.me\/fr\/wp-json\/wp\/v2\/users\/2"}],"replies":[{"embeddable":true,"href":"https:\/\/hanykhater.me\/fr\/wp-json\/wp\/v2\/comments?post=1606"}],"version-history":[{"count":19,"href":"https:\/\/hanykhater.me\/fr\/wp-json\/wp\/v2\/pages\/1606\/revisions"}],"predecessor-version":[{"id":1618,"href":"https:\/\/hanykhater.me\/fr\/wp-json\/wp\/v2\/pages\/1606\/revisions\/1618"}],"wp:featuredmedia":[{"embeddable":true,"href":"https:\/\/hanykhater.me\/fr\/wp-json\/wp\/v2\/media\/1608"}],"wp:attachment":[{"href":"https:\/\/hanykhater.me\/fr\/wp-json\/wp\/v2\/media?parent=1606"}],"curies":[{"name":"wp","href":"https:\/\/api.w.org\/{rel}","templated":true}]}}