{"id":1325,"date":"2024-11-22T23:31:13","date_gmt":"2024-11-23T04:31:13","guid":{"rendered":"https:\/\/hanykhater.me\/?page_id=1325"},"modified":"2025-11-16T19:21:33","modified_gmt":"2025-11-17T00:21:33","slug":"laccueil-au-canada","status":"publish","type":"page","link":"https:\/\/hanykhater.me\/fr\/laccueil-au-canada\/","title":{"rendered":"L'accueil au Canada"},"content":{"rendered":"<p style=\"direction: ltr; text-align: left;\"><img fetchpriority=\"high\" decoding=\"async\" class=\"wp-image-1051 alignleft\" src=\"https:\/\/hanykhater.me\/wp-content\/uploads\/2024\/10\/\u0634\u064a\u0631\u0628\u0631\u0648\u0643-111-300x181.png\" alt=\"\" width=\"341\" height=\"206\" srcset=\"https:\/\/hanykhater.me\/wp-content\/uploads\/2024\/10\/\u0634\u064a\u0631\u0628\u0631\u0648\u0643-111-300x181.png 300w, https:\/\/hanykhater.me\/wp-content\/uploads\/2024\/10\/\u0634\u064a\u0631\u0628\u0631\u0648\u0643-111-600x361.png 600w, https:\/\/hanykhater.me\/wp-content\/uploads\/2024\/10\/\u0634\u064a\u0631\u0628\u0631\u0648\u0643-111.png 686w\" sizes=\"(max-width: 341px) 100vw, 341px\" \/><span style=\"color: #000080;\"><strong>Un voyage vers la libert\u00e9 : Hany Khater, de la souffrance \u00e0 la s\u00e9curit\u00e9 au Canada<\/strong><\/span><\/p>\n<p style=\"direction: ltr; text-align: left;\"><span style=\"color: #000000;\">L'histoire de Hany Khater incarne la r\u00e9silience de l'esprit humain face \u00e0 l'injustice et la force de la volont\u00e9 qui refuse de se briser. Apr\u00e8s des ann\u00e9es de souffrance au Maroc, o\u00f9 il a endur\u00e9 la d\u00e9tention arbitraire, la n\u00e9gligence m\u00e9dicale et des tentatives d'atteinte \u00e0 sa vie, le destin lui a offert la s\u00e9curit\u00e9 et la dignit\u00e9 sur le sol canadien, qui est devenu un sanctuaire pour les droits et les libert\u00e9s.<\/span><\/p>\n<p style=\"direction: ltr; text-align: left;\"><span style=\"color: #000000;\">Apr\u00e8s une longue \u00e9preuve et des proc\u00e9dures complexes dans la ville de Rabat, au Maroc, et gr\u00e2ce aux efforts combin\u00e9s de l'ambassade du Canada, du Haut-Commissariat des Nations Unies pour les r\u00e9fugi\u00e9s (HCR) et de l'Organisation internationale pour les migrations (OIM), un miracle qui semblait presque impossible a \u00e9t\u00e9 accompli. Dans une totale confidentialit\u00e9 et loin des regards des autorit\u00e9s marocaines, Hany Khater et sa famille ont affront\u00e9 d'\u00e9normes obstacles, dont le plus notable fut une tentative de les emp\u00eacher de voyager \u00e0 l'a\u00e9roport Mohammed V, o\u00f9 les efforts pour les stopper ont dur\u00e9 plus de six heures. Pendant ces moments critiques, le repr\u00e9sentant de l'OIM a d\u00e9ploy\u00e9 d'\u00e9normes efforts et a men\u00e9 des communications intenses aux plus hauts niveaux au sein de l'organisation, du HCR, et m\u00eame des Nations Unies, leur permettant enfin de monter les escaliers de l'avion.<\/span><\/p>\n<p style=\"direction: ltr; text-align: left;\"><span style=\"color: #000000;\">Apr\u00e8s des heures qui ont sembl\u00e9 \u00eatre une \u00e9ternit\u00e9, Hany Khater et sa famille sont arriv\u00e9s sur la terre des droits et des libert\u00e9s, \u00e0 l'a\u00e9roport international Pierre-Elliott-Trudeau de Montr\u00e9al, au Canada. Des repr\u00e9sentants de l'OIM \u00e9taient l\u00e0 pour les accueillir, et les proc\u00e9dures ont \u00e9t\u00e9 compl\u00e9t\u00e9es en quelques minutes. Khater a \u00e9t\u00e9 surpris de trouver une voiture attendant pour le transporter, lui et sa famille, vers un h\u00f4tel \u00e0 Sherbrooke, o\u00f9 ils ont \u00e9t\u00e9 re\u00e7us par Mme Farnaz Abbas, repr\u00e9sentante de la Fondation New Canadian. Khater a exprim\u00e9 sa plus profonde gratitude pour son soutien sans limite. \u00c0 leur arriv\u00e9e dans leur suite d\u00e9sign\u00e9e \u00e0 l'h\u00f4tel Marquis vers midi, la famille a pris un d\u00e9jeuner tranquille, puis est tomb\u00e9e dans un sommeil profond apr\u00e8s un long et \u00e9puisant voyage.<\/span><\/p>\n<p style=\"direction: ltr; text-align: left;\"><span style=\"color: #000000;\">Sherbrooke, une petite ville entour\u00e9e d'une nature \u00e9poustouflante au Qu\u00e9bec, n'\u00e9tait pas seulement une nouvelle destination ; c'\u00e9tait une \u00e9treinte chaleureuse qui a accueilli Khater et sa famille apr\u00e8s des ann\u00e9es de souffrance. Il a d\u00e9crit la ville comme une \u00ab symphonie culturelle \u00bb refl\u00e9tant la beaut\u00e9 de la diversit\u00e9 au Canada, o\u00f9 les cultures et les ethnies se m\u00ealent dans une harmonie unique. La nature \u00e0 couper le souffle, avec ses cascades et ses montagnes, ainsi que ses habitants amicaux qui ont accueilli la famille comme l'une des leurs, ont fait de Sherbrooke l'endroit o\u00f9 Khater pouvait commencer un nouveau chapitre de sa vie.<\/span><\/p>\n<p style=\"direction: ltr; text-align: left;\"><span style=\"color: #000000;\">Le matin suivant, un b\u00e9n\u00e9vole frappa \u00e0 leur porte pour les accompagner au si\u00e8ge de la New Canadian Foundation. L\u00e0, un nouveau voyage, rempli de facilit\u00e9s et d'une aisance sans pr\u00e9c\u00e9dent, commen\u00e7a. Une couverture de sant\u00e9 imm\u00e9diate fut obtenue, des documents de r\u00e9sidence permanente furent d\u00e9livr\u00e9s, en plus d'examens m\u00e9dicaux complets \u00e0 l'H\u00f4pital des r\u00e9fugi\u00e9s de Sherbrooke. Ce soin imm\u00e9diat et humain offert par le Canada \u00e9tait un t\u00e9moignage vivant de son statut de terre des droits et des libert\u00e9s, o\u00f9 chaque individu, quel que soit son origine, est trait\u00e9 avec respect et soin.<\/span><\/p>\n<p style=\"direction: ltr; text-align: left;\"><span style=\"color: #000000;\">Malgr\u00e9 la paix qu'il a trouv\u00e9e, les cicatrices de l'injustice demeurent avec Khater, car il souffre d'un handicap permanent et de maladies qui continuent d'\u00eatre d\u00e9couvertes en raison des violations qu'il a subies de la part des autorit\u00e9s marocaines. Cependant, la s\u00e9curit\u00e9 qu'il \u00e9prouve maintenant lui a donn\u00e9 la force de poursuivre son combat pour la justice. Khater a d\u00e9clar\u00e9 : \"Le Canada n'est pas seulement un pays ; c'est un mod\u00e8le de ce que l'humanit\u00e9 devrait \u00eatre. Ici, j'ai trouv\u00e9 la libert\u00e9 et la dignit\u00e9 qui m'avaient tant manqu\u00e9.\"<\/span><\/p>\n<p style=\"direction: ltr; text-align: left;\"><span style=\"color: #000000;\">Alors que Khater et sa famille vivent dans une s\u00e9curit\u00e9 sans pr\u00e9c\u00e9dent dans la ville paisible de Sherbrooke, il est d\u00e9termin\u00e9 \u00e0 prendre toutes les mesures juridiques contre le Maroc pour faire appliquer la d\u00e9cision du Comit\u00e9 contre la torture. Il cherche \u00e0 r\u00e9cup\u00e9rer ses droits viol\u00e9s et \u00e0 obtenir une compensation pour les ann\u00e9es de d\u00e9tention arbitraire, de n\u00e9gligence m\u00e9dicale et de tentatives de meurtre qu'il a subies pendant 49 mois complets.<\/span><\/p>\n<p style=\"direction: ltr; text-align: left;\"><span style=\"color: #000000;\">Dans le m\u00eame temps, Khater exprime sa profonde gratitude envers le Canada, d\u00e9clarant : \u00ab Le chemin vers la libert\u00e9 peut \u00eatre long, mais chaque \u00e9tape en vaut la peine. Le Canada n'est pas seulement une terre de droits ; c'est un refuge pour tous ceux qui cherchent une vie digne. \u00bb Malgr\u00e9 toutes les blessures, Sherbrooke est devenu pour lui un lieu de gu\u00e9rison et d'espoir, o\u00f9 il a commenc\u00e9 \u00e0 b\u00e2tir un nouvel avenir pour sa famille au c\u0153ur d'une nature \u00e0 couper le souffle et dans un environnement inspirant qui incarne les valeurs de libert\u00e9 et de justice qu'il avait toujours r\u00eav\u00e9es.<\/span><\/p>","protected":false},"excerpt":{"rendered":"<p>A Journey to Freedom: Hany Khater from Suffering to Safety in Canada Hany Khater&#8217;s story embodies the resilience of the human spirit in the face of injustice and the strength of will that refuses to break. After years of suffering in Morocco, where he endured arbitrary detention, medical neglect, and attempts on his life, fate [&hellip;]<\/p>\n","protected":false},"author":2,"featured_media":1326,"parent":0,"menu_order":0,"comment_status":"closed","ping_status":"closed","template":"","meta":{"om_disable_all_campaigns":false,"_monsterinsights_skip_tracking":false,"_monsterinsights_sitenote_active":false,"_monsterinsights_sitenote_note":"","_monsterinsights_sitenote_category":0,"footnotes":""},"class_list":["post-1325","page","type-page","status-publish","has-post-thumbnail","hentry"],"aioseo_notices":[],"jetpack_sharing_enabled":true,"_links":{"self":[{"href":"https:\/\/hanykhater.me\/fr\/wp-json\/wp\/v2\/pages\/1325","targetHints":{"allow":["GET"]}}],"collection":[{"href":"https:\/\/hanykhater.me\/fr\/wp-json\/wp\/v2\/pages"}],"about":[{"href":"https:\/\/hanykhater.me\/fr\/wp-json\/wp\/v2\/types\/page"}],"author":[{"embeddable":true,"href":"https:\/\/hanykhater.me\/fr\/wp-json\/wp\/v2\/users\/2"}],"replies":[{"embeddable":true,"href":"https:\/\/hanykhater.me\/fr\/wp-json\/wp\/v2\/comments?post=1325"}],"version-history":[{"count":7,"href":"https:\/\/hanykhater.me\/fr\/wp-json\/wp\/v2\/pages\/1325\/revisions"}],"predecessor-version":[{"id":2418,"href":"https:\/\/hanykhater.me\/fr\/wp-json\/wp\/v2\/pages\/1325\/revisions\/2418"}],"wp:featuredmedia":[{"embeddable":true,"href":"https:\/\/hanykhater.me\/fr\/wp-json\/wp\/v2\/media\/1326"}],"wp:attachment":[{"href":"https:\/\/hanykhater.me\/fr\/wp-json\/wp\/v2\/media?parent=1325"}],"curies":[{"name":"wp","href":"https:\/\/api.w.org\/{rel}","templated":true}]}}